{"id":2008,"date":"2026-01-25T20:57:59","date_gmt":"2026-01-25T19:57:59","guid":{"rendered":"https:\/\/uejf.org\/tohubohu\/?page_id=2008"},"modified":"2026-03-10T16:23:07","modified_gmt":"2026-03-10T15:23:07","slug":"auteurs","status":"publish","type":"page","link":"https:\/\/uejf.org\/tohubohu\/auteurs\/","title":{"rendered":"Auteurs"},"content":{"rendered":"\t\t<div data-elementor-type=\"wp-page\" data-elementor-id=\"2008\" class=\"elementor elementor-2008\">\n\t\t\t\t<div class=\"elementor-element elementor-element-1368359 e-grid e-con-full e-con e-parent\" data-id=\"1368359\" data-element_type=\"container\">\n\t\t<div class=\"elementor-element elementor-element-47cb2db e-con-full e-flex e-con e-child\" data-id=\"47cb2db\" data-element_type=\"container\">\n\t\t\t\t<div class=\"elementor-element elementor-element-f3c405a elementor-widget elementor-widget-image\" data-id=\"f3c405a\" data-element_type=\"widget\" data-widget_type=\"image.default\">\n\t\t\t\t\t\t\t\t\t\t\t\t\t\t\t<img fetchpriority=\"high\" decoding=\"async\" width=\"710\" height=\"710\" src=\"https:\/\/uejf.org\/tohubohu\/files\/2026\/02\/IMG_4638.jpg\" class=\"attachment-large size-large wp-image-2294\" alt=\"\" srcset=\"https:\/\/uejf.org\/tohubohu\/files\/2026\/02\/IMG_4638.jpg 965w, https:\/\/uejf.org\/tohubohu\/files\/2026\/02\/IMG_4638-300x300.jpg 300w, https:\/\/uejf.org\/tohubohu\/files\/2026\/02\/IMG_4638-150x150.jpg 150w, https:\/\/uejf.org\/tohubohu\/files\/2026\/02\/IMG_4638-768x768.jpg 768w, https:\/\/uejf.org\/tohubohu\/files\/2026\/02\/IMG_4638-600x600.jpg 600w, https:\/\/uejf.org\/tohubohu\/files\/2026\/02\/IMG_4638-550x550.jpg 550w, https:\/\/uejf.org\/tohubohu\/files\/2026\/02\/IMG_4638-500x500.jpg 500w\" sizes=\"(max-width: 710px) 100vw, 710px\" \/>\t\t\t\t\t\t\t\t\t\t\t\t\t\t\t<\/div>\n\t\t\t\t<div class=\"elementor-element elementor-element-30e8bcc elementor-widget elementor-widget-button elh-el button\" data-id=\"30e8bcc\" data-element_type=\"widget\" data-settings=\"{&quot;design_style&quot;:&quot;style_1&quot;}\" data-widget_type=\"button.default\">\n\t\t\t\t<div class=\"elementor-widget-container\">\n\t\t\t\t\t\n        \n                <div class=\"tf-btn-wrapper\">\n            <a href=\"https:\/\/uejf.org\/tohubohu\/author\/chloeackermann\/\" class=\"tf-button\">Chlo\u00e9 Ackermann <i class=\"fal fa-plus\"><\/i><\/a>\n        <\/div>\n                \t\t\t\t<\/div>\n\t\t\t\t<\/div>\n\t\t\t\t<\/div>\n\t\t<div class=\"elementor-element elementor-element-784c783 e-con-full e-flex e-con e-child\" data-id=\"784c783\" data-element_type=\"container\">\n\t\t\t\t<div class=\"elementor-element elementor-element-207b3c2 elementor-widget elementor-widget-image\" data-id=\"207b3c2\" data-element_type=\"widget\" data-widget_type=\"image.default\">\n\t\t\t\t\t\t\t\t\t\t\t\t\t\t\t<img decoding=\"async\" width=\"519\" height=\"519\" src=\"https:\/\/uejf.org\/tohubohu\/files\/2026\/02\/22d92500-b3c1-4f30-b7b3-a7cb4bd42334-2.jpg\" class=\"attachment-large size-large wp-image-2289\" alt=\"\" srcset=\"https:\/\/uejf.org\/tohubohu\/files\/2026\/02\/22d92500-b3c1-4f30-b7b3-a7cb4bd42334-2.jpg 519w, https:\/\/uejf.org\/tohubohu\/files\/2026\/02\/22d92500-b3c1-4f30-b7b3-a7cb4bd42334-2-300x300.jpg 300w, https:\/\/uejf.org\/tohubohu\/files\/2026\/02\/22d92500-b3c1-4f30-b7b3-a7cb4bd42334-2-150x150.jpg 150w, https:\/\/uejf.org\/tohubohu\/files\/2026\/02\/22d92500-b3c1-4f30-b7b3-a7cb4bd42334-2-500x500.jpg 500w\" sizes=\"(max-width: 519px) 100vw, 519px\" \/>\t\t\t\t\t\t\t\t\t\t\t\t\t\t\t<\/div>\n\t\t\t\t<div class=\"elementor-element elementor-element-0591a14 elementor-widget elementor-widget-button elh-el button\" data-id=\"0591a14\" data-element_type=\"widget\" data-settings=\"{&quot;design_style&quot;:&quot;style_1&quot;}\" data-widget_type=\"button.default\">\n\t\t\t\t<div class=\"elementor-widget-container\">\n\t\t\t\t\t\n        \n                <div class=\"tf-btn-wrapper\">\n            <a href=\"https:\/\/uejf.org\/tohubohu\/author\/elietteankri\/\" class=\"tf-button\">Eliette Ankri <i class=\"fal fa-plus\"><\/i><\/a>\n        <\/div>\n                \t\t\t\t<\/div>\n\t\t\t\t<\/div>\n\t\t\t\t<\/div>\n\t\t<div class=\"elementor-element elementor-element-382db7c e-flex e-con-boxed e-con e-child\" data-id=\"382db7c\" data-element_type=\"container\">\n\t\t\t\t\t<div class=\"e-con-inner\">\n\t\t\t\t<div class=\"elementor-element elementor-element-1f72a25 elementor-widget elementor-widget-image\" data-id=\"1f72a25\" data-element_type=\"widget\" data-widget_type=\"image.default\">\n\t\t\t\t\t\t\t\t\t\t\t\t\t\t\t<img decoding=\"async\" width=\"710\" height=\"710\" src=\"https:\/\/uejf.org\/tohubohu\/files\/2026\/03\/1910f06b-cc47-4351-bffb-eb6c24aacf56-2-1024x1024.jpg\" class=\"attachment-large size-large wp-image-2458\" alt=\"\" srcset=\"https:\/\/uejf.org\/tohubohu\/files\/2026\/03\/1910f06b-cc47-4351-bffb-eb6c24aacf56-2-1024x1024.jpg 1024w, https:\/\/uejf.org\/tohubohu\/files\/2026\/03\/1910f06b-cc47-4351-bffb-eb6c24aacf56-2-300x300.jpg 300w, https:\/\/uejf.org\/tohubohu\/files\/2026\/03\/1910f06b-cc47-4351-bffb-eb6c24aacf56-2-150x150.jpg 150w, https:\/\/uejf.org\/tohubohu\/files\/2026\/03\/1910f06b-cc47-4351-bffb-eb6c24aacf56-2-768x768.jpg 768w, https:\/\/uejf.org\/tohubohu\/files\/2026\/03\/1910f06b-cc47-4351-bffb-eb6c24aacf56-2-600x600.jpg 600w, https:\/\/uejf.org\/tohubohu\/files\/2026\/03\/1910f06b-cc47-4351-bffb-eb6c24aacf56-2-550x550.jpg 550w, https:\/\/uejf.org\/tohubohu\/files\/2026\/03\/1910f06b-cc47-4351-bffb-eb6c24aacf56-2-500x500.jpg 500w, https:\/\/uejf.org\/tohubohu\/files\/2026\/03\/1910f06b-cc47-4351-bffb-eb6c24aacf56-2.jpg 1037w\" sizes=\"(max-width: 710px) 100vw, 710px\" \/>\t\t\t\t\t\t\t\t\t\t\t\t\t\t\t<\/div>\n\t\t\t\t<div class=\"elementor-element elementor-element-3c47b39 elementor-widget elementor-widget-button elh-el button\" data-id=\"3c47b39\" data-element_type=\"widget\" data-settings=\"{&quot;design_style&quot;:&quot;style_1&quot;}\" data-widget_type=\"button.default\">\n\t\t\t\t<div class=\"elementor-widget-container\">\n\t\t\t\t\t\n        \n                <div class=\"tf-btn-wrapper\">\n            <a href=\"https:\/\/uejf.org\/tohubohu\/author\/elieberessi\/\" class=\"tf-button\">Elie Beressi <i class=\"fal fa-plus\"><\/i><\/a>\n        <\/div>\n                \t\t\t\t<\/div>\n\t\t\t\t<\/div>\n\t\t\t\t\t<\/div>\n\t\t\t\t<\/div>\n\t\t<div class=\"elementor-element elementor-element-7c01446 e-flex e-con-boxed e-con e-child\" data-id=\"7c01446\" data-element_type=\"container\">\n\t\t\t\t\t<div class=\"e-con-inner\">\n\t\t\t\t<div class=\"elementor-element elementor-element-6503a10 elementor-widget elementor-widget-image\" data-id=\"6503a10\" data-element_type=\"widget\" data-widget_type=\"image.default\">\n\t\t\t\t\t\t\t\t\t\t\t\t\t\t\t<img loading=\"lazy\" decoding=\"async\" width=\"634\" height=\"634\" src=\"https:\/\/uejf.org\/tohubohu\/files\/2026\/02\/a0a14a84-4b47-4ec1-a375-994909443288.jpg\" class=\"attachment-large size-large wp-image-2362\" alt=\"\" srcset=\"https:\/\/uejf.org\/tohubohu\/files\/2026\/02\/a0a14a84-4b47-4ec1-a375-994909443288.jpg 634w, https:\/\/uejf.org\/tohubohu\/files\/2026\/02\/a0a14a84-4b47-4ec1-a375-994909443288-300x300.jpg 300w, https:\/\/uejf.org\/tohubohu\/files\/2026\/02\/a0a14a84-4b47-4ec1-a375-994909443288-150x150.jpg 150w, https:\/\/uejf.org\/tohubohu\/files\/2026\/02\/a0a14a84-4b47-4ec1-a375-994909443288-600x600.jpg 600w, https:\/\/uejf.org\/tohubohu\/files\/2026\/02\/a0a14a84-4b47-4ec1-a375-994909443288-550x550.jpg 550w, https:\/\/uejf.org\/tohubohu\/files\/2026\/02\/a0a14a84-4b47-4ec1-a375-994909443288-500x500.jpg 500w\" sizes=\"(max-width: 634px) 100vw, 634px\" \/>\t\t\t\t\t\t\t\t\t\t\t\t\t\t\t<\/div>\n\t\t\t\t<div class=\"elementor-element elementor-element-44180b7 elementor-widget elementor-widget-button elh-el button\" data-id=\"44180b7\" data-element_type=\"widget\" data-settings=\"{&quot;design_style&quot;:&quot;style_1&quot;}\" data-widget_type=\"button.default\">\n\t\t\t\t<div class=\"elementor-widget-container\">\n\t\t\t\t\t\n        \n                <div class=\"tf-btn-wrapper\">\n            <a href=\"https:\/\/uejf.org\/tohubohu\/author\/mariannecense\/\" class=\"tf-button\">Marianne Cense <i class=\"fal fa-plus\"><\/i><\/a>\n        <\/div>\n                \t\t\t\t<\/div>\n\t\t\t\t<\/div>\n\t\t\t\t\t<\/div>\n\t\t\t\t<\/div>\n\t\t<div class=\"elementor-element elementor-element-f379e95 e-con-full e-flex e-con e-child\" data-id=\"f379e95\" data-element_type=\"container\">\n\t\t\t\t<div class=\"elementor-element elementor-element-09376e0 elementor-widget elementor-widget-image\" data-id=\"09376e0\" data-element_type=\"widget\" data-widget_type=\"image.default\">\n\t\t\t\t\t\t\t\t\t\t\t\t\t\t\t\t<a href=\"https:\/\/uejf.org\/tohubohu\/author\/ismaelelboucottereau\/\">\n\t\t\t\t\t\t\t<img loading=\"lazy\" decoding=\"async\" width=\"500\" height=\"500\" src=\"https:\/\/uejf.org\/tohubohu\/files\/2026\/01\/8b73713e-aa8b-41c8-b9bf-f0f02b08c791.jpg\" class=\"attachment-large size-large wp-image-1202\" alt=\"\" srcset=\"https:\/\/uejf.org\/tohubohu\/files\/2026\/01\/8b73713e-aa8b-41c8-b9bf-f0f02b08c791.jpg 500w, https:\/\/uejf.org\/tohubohu\/files\/2026\/01\/8b73713e-aa8b-41c8-b9bf-f0f02b08c791-300x300.jpg 300w, https:\/\/uejf.org\/tohubohu\/files\/2026\/01\/8b73713e-aa8b-41c8-b9bf-f0f02b08c791-150x150.jpg 150w\" sizes=\"(max-width: 500px) 100vw, 500px\" \/>\t\t\t\t\t\t\t\t<\/a>\n\t\t\t\t\t\t\t\t\t\t\t\t\t\t\t<\/div>\n\t\t\t\t<div class=\"elementor-element elementor-element-8d58ced elementor-widget elementor-widget-button elh-el button\" data-id=\"8d58ced\" data-element_type=\"widget\" data-settings=\"{&quot;design_style&quot;:&quot;style_1&quot;}\" data-widget_type=\"button.default\">\n\t\t\t\t<div class=\"elementor-widget-container\">\n\t\t\t\t\t\n        \n                <div class=\"tf-btn-wrapper\">\n            <a href=\"https:\/\/uejf.org\/tohubohu\/author\/ismaelelboucottereau\/\" class=\"tf-button\">Isma\u00ebl El Bou-Cottereau <i class=\"fal fa-plus\"><\/i><\/a>\n        <\/div>\n                \t\t\t\t<\/div>\n\t\t\t\t<\/div>\n\t\t\t\t<\/div>\n\t\t<div class=\"elementor-element elementor-element-062f571 e-con-full e-flex e-con e-child\" data-id=\"062f571\" data-element_type=\"container\">\n\t\t\t\t<div class=\"elementor-element elementor-element-dc18e3e elementor-widget elementor-widget-image\" data-id=\"dc18e3e\" data-element_type=\"widget\" data-widget_type=\"image.default\">\n\t\t\t\t\t\t\t\t\t\t\t\t\t\t\t\t<a href=\"https:\/\/uejf.org\/tohubohu\/author\/gabrielfleury\/\">\n\t\t\t\t\t\t\t<img loading=\"lazy\" decoding=\"async\" width=\"710\" height=\"710\" src=\"https:\/\/uejf.org\/tohubohu\/files\/2026\/01\/f1da1067-8c88-4907-92ab-1d41e9f8b52b-2.jpg\" class=\"attachment-large size-large wp-image-2089\" alt=\"\" srcset=\"https:\/\/uejf.org\/tohubohu\/files\/2026\/01\/f1da1067-8c88-4907-92ab-1d41e9f8b52b-2.jpg 729w, https:\/\/uejf.org\/tohubohu\/files\/2026\/01\/f1da1067-8c88-4907-92ab-1d41e9f8b52b-2-300x300.jpg 300w, https:\/\/uejf.org\/tohubohu\/files\/2026\/01\/f1da1067-8c88-4907-92ab-1d41e9f8b52b-2-150x150.jpg 150w, https:\/\/uejf.org\/tohubohu\/files\/2026\/01\/f1da1067-8c88-4907-92ab-1d41e9f8b52b-2-600x600.jpg 600w, https:\/\/uejf.org\/tohubohu\/files\/2026\/01\/f1da1067-8c88-4907-92ab-1d41e9f8b52b-2-550x550.jpg 550w, https:\/\/uejf.org\/tohubohu\/files\/2026\/01\/f1da1067-8c88-4907-92ab-1d41e9f8b52b-2-500x500.jpg 500w\" sizes=\"(max-width: 710px) 100vw, 710px\" \/>\t\t\t\t\t\t\t\t<\/a>\n\t\t\t\t\t\t\t\t\t\t\t\t\t\t\t<\/div>\n\t\t\t\t<div class=\"elementor-element elementor-element-c61089c elementor-widget elementor-widget-button elh-el button\" data-id=\"c61089c\" data-element_type=\"widget\" data-settings=\"{&quot;design_style&quot;:&quot;style_1&quot;}\" data-widget_type=\"button.default\">\n\t\t\t\t<div class=\"elementor-widget-container\">\n\t\t\t\t\t\n        \n                <div class=\"tf-btn-wrapper\">\n            <a href=\"https:\/\/uejf.org\/tohubohu\/author\/gabrielfleury\/\" class=\"tf-button\">Gabriel Fleury <i class=\"fal fa-plus\"><\/i><\/a>\n        <\/div>\n                \t\t\t\t<\/div>\n\t\t\t\t<\/div>\n\t\t\t\t<\/div>\n\t\t<div class=\"elementor-element elementor-element-f53f6df e-con-full e-flex e-con e-child\" data-id=\"f53f6df\" data-element_type=\"container\">\n\t\t\t\t<div class=\"elementor-element elementor-element-72c7043 elementor-widget elementor-widget-image\" data-id=\"72c7043\" data-element_type=\"widget\" data-widget_type=\"image.default\">\n\t\t\t\t\t\t\t\t\t\t\t\t\t\t\t\t<a href=\"https:\/\/uejf.org\/tohubohu\/author\/adam\/\">\n\t\t\t\t\t\t\t<img loading=\"lazy\" decoding=\"async\" width=\"267\" height=\"267\" src=\"https:\/\/uejf.org\/tohubohu\/files\/2026\/01\/75bdfc11-0079-4f43-856f-21bca09b9051-3.jpg\" class=\"attachment-large size-large wp-image-2088\" alt=\"\" srcset=\"https:\/\/uejf.org\/tohubohu\/files\/2026\/01\/75bdfc11-0079-4f43-856f-21bca09b9051-3.jpg 267w, https:\/\/uejf.org\/tohubohu\/files\/2026\/01\/75bdfc11-0079-4f43-856f-21bca09b9051-3-150x150.jpg 150w\" sizes=\"(max-width: 267px) 100vw, 267px\" \/>\t\t\t\t\t\t\t\t<\/a>\n\t\t\t\t\t\t\t\t\t\t\t\t\t\t\t<\/div>\n\t\t\t\t<div class=\"elementor-element elementor-element-ab4fd08 elementor-widget elementor-widget-button elh-el button\" data-id=\"ab4fd08\" data-element_type=\"widget\" data-settings=\"{&quot;design_style&quot;:&quot;style_1&quot;}\" data-widget_type=\"button.default\">\n\t\t\t\t<div class=\"elementor-widget-container\">\n\t\t\t\t\t\n        \n                <div class=\"tf-btn-wrapper\">\n            <a href=\"https:\/\/uejf.org\/tohubohu\/author\/adam\/\" class=\"tf-button\">Adam Medioni <i class=\"fal fa-plus\"><\/i><\/a>\n        <\/div>\n                \t\t\t\t<\/div>\n\t\t\t\t<\/div>\n\t\t\t\t<\/div>\n\t\t<div class=\"elementor-element elementor-element-5d699fb e-con-full e-flex e-con e-child\" data-id=\"5d699fb\" data-element_type=\"container\">\n\t\t\t\t<div class=\"elementor-element elementor-element-a566161 elementor-widget elementor-widget-image\" data-id=\"a566161\" data-element_type=\"widget\" data-widget_type=\"image.default\">\n\t\t\t\t\t\t\t\t\t\t\t\t\t\t\t\t<a href=\"https:\/\/uejf.org\/tohubohu\/author\/nathanguez\/\">\n\t\t\t\t\t\t\t<img loading=\"lazy\" decoding=\"async\" width=\"663\" height=\"663\" src=\"https:\/\/uejf.org\/tohubohu\/files\/2026\/01\/15c123bb-272f-4139-bcc6-967ab0cf5aa8-2.jpg\" class=\"attachment-large size-large wp-image-2113\" alt=\"\" srcset=\"https:\/\/uejf.org\/tohubohu\/files\/2026\/01\/15c123bb-272f-4139-bcc6-967ab0cf5aa8-2.jpg 663w, https:\/\/uejf.org\/tohubohu\/files\/2026\/01\/15c123bb-272f-4139-bcc6-967ab0cf5aa8-2-300x300.jpg 300w, https:\/\/uejf.org\/tohubohu\/files\/2026\/01\/15c123bb-272f-4139-bcc6-967ab0cf5aa8-2-150x150.jpg 150w, https:\/\/uejf.org\/tohubohu\/files\/2026\/01\/15c123bb-272f-4139-bcc6-967ab0cf5aa8-2-600x600.jpg 600w, https:\/\/uejf.org\/tohubohu\/files\/2026\/01\/15c123bb-272f-4139-bcc6-967ab0cf5aa8-2-550x550.jpg 550w, https:\/\/uejf.org\/tohubohu\/files\/2026\/01\/15c123bb-272f-4139-bcc6-967ab0cf5aa8-2-500x500.jpg 500w\" sizes=\"(max-width: 663px) 100vw, 663px\" \/>\t\t\t\t\t\t\t\t<\/a>\n\t\t\t\t\t\t\t\t\t\t\t\t\t\t\t<\/div>\n\t\t\t\t<div class=\"elementor-element elementor-element-77418f1 elementor-widget elementor-widget-button elh-el button\" data-id=\"77418f1\" data-element_type=\"widget\" data-settings=\"{&quot;design_style&quot;:&quot;style_1&quot;}\" data-widget_type=\"button.default\">\n\t\t\t\t<div class=\"elementor-widget-container\">\n\t\t\t\t\t\n        \n                <div class=\"tf-btn-wrapper\">\n            <a href=\"https:\/\/uejf.org\/tohubohu\/author\/nathanguez\/\" class=\"tf-button\">Nathan Guez <i class=\"fal fa-plus\"><\/i><\/a>\n        <\/div>\n                \t\t\t\t<\/div>\n\t\t\t\t<\/div>\n\t\t\t\t<\/div>\n\t\t<div class=\"elementor-element elementor-element-b56bc2b e-con-full e-flex e-con e-child\" data-id=\"b56bc2b\" data-element_type=\"container\">\n\t\t\t\t<div class=\"elementor-element elementor-element-77f7a9a elementor-widget elementor-widget-image\" data-id=\"77f7a9a\" data-element_type=\"widget\" data-widget_type=\"image.default\">\n\t\t\t\t\t\t\t\t\t\t\t\t\t\t\t\t<a href=\"https:\/\/uejf.org\/tohubohu\/author\/yossef\/\">\n\t\t\t\t\t\t\t<img loading=\"lazy\" decoding=\"async\" width=\"710\" height=\"710\" src=\"https:\/\/uejf.org\/tohubohu\/files\/2026\/01\/8ba32226-0980-4376-bd0c-99c8f89da252-1-1024x1024.jpg\" class=\"attachment-large size-large wp-image-2117\" alt=\"\" srcset=\"https:\/\/uejf.org\/tohubohu\/files\/2026\/01\/elementor\/thumbs\/8ba32226-0980-4376-bd0c-99c8f89da252-1-ricb05lmqpvc8hdywhajep2xxh4j8kebx30560wb28.jpg 1024w, https:\/\/uejf.org\/tohubohu\/files\/2026\/01\/8ba32226-0980-4376-bd0c-99c8f89da252-1-300x300.jpg 300w, https:\/\/uejf.org\/tohubohu\/files\/2026\/01\/8ba32226-0980-4376-bd0c-99c8f89da252-1-150x150.jpg 150w, https:\/\/uejf.org\/tohubohu\/files\/2026\/01\/8ba32226-0980-4376-bd0c-99c8f89da252-1-768x768.jpg 768w, https:\/\/uejf.org\/tohubohu\/files\/2026\/01\/8ba32226-0980-4376-bd0c-99c8f89da252-1-600x600.jpg 600w, https:\/\/uejf.org\/tohubohu\/files\/2026\/01\/8ba32226-0980-4376-bd0c-99c8f89da252-1-1060x1060.jpg 1060w, https:\/\/uejf.org\/tohubohu\/files\/2026\/01\/8ba32226-0980-4376-bd0c-99c8f89da252-1-550x550.jpg 550w, https:\/\/uejf.org\/tohubohu\/files\/2026\/01\/8ba32226-0980-4376-bd0c-99c8f89da252-1-500x500.jpg 500w, https:\/\/uejf.org\/tohubohu\/files\/2026\/01\/8ba32226-0980-4376-bd0c-99c8f89da252-1-1080x1080.jpg 1080w, https:\/\/uejf.org\/tohubohu\/files\/2026\/01\/8ba32226-0980-4376-bd0c-99c8f89da252-1.jpg 1365w\" sizes=\"(max-width: 710px) 100vw, 710px\" \/>\t\t\t\t\t\t\t\t<\/a>\n\t\t\t\t\t\t\t\t\t\t\t\t\t\t\t<\/div>\n\t\t\t\t<div class=\"elementor-element elementor-element-a6b5d9b elementor-widget elementor-widget-button elh-el button\" data-id=\"a6b5d9b\" data-element_type=\"widget\" data-settings=\"{&quot;design_style&quot;:&quot;style_1&quot;}\" data-widget_type=\"button.default\">\n\t\t\t\t<div class=\"elementor-widget-container\">\n\t\t\t\t\t\n        \n                <div class=\"tf-btn-wrapper\">\n            <a href=\"https:\/\/uejf.org\/tohubohu\/author\/yossef\/\" class=\"tf-button\">Yossef Murciano <i class=\"fal fa-plus\"><\/i><\/a>\n        <\/div>\n                \t\t\t\t<\/div>\n\t\t\t\t<\/div>\n\t\t\t\t<\/div>\n\t\t<div class=\"elementor-element elementor-element-aedc658 e-con-full e-flex e-con e-child\" data-id=\"aedc658\" data-element_type=\"container\">\n\t\t\t\t<div class=\"elementor-element elementor-element-2e46290 elementor-widget elementor-widget-image\" data-id=\"2e46290\" data-element_type=\"widget\" data-widget_type=\"image.default\">\n\t\t\t\t\t\t\t\t\t\t\t\t\t\t\t\t<a href=\"https:\/\/uejf.org\/tohubohu\/author\/yoangwilman\/\">\n\t\t\t\t\t\t\t<img loading=\"lazy\" decoding=\"async\" width=\"710\" height=\"710\" src=\"https:\/\/uejf.org\/tohubohu\/files\/2026\/01\/0cc55922-05fb-447f-ae5e-88582ad0efdf-1-1024x1024.jpg\" class=\"attachment-large size-large wp-image-2119\" alt=\"\" srcset=\"https:\/\/uejf.org\/tohubohu\/files\/2026\/01\/elementor\/thumbs\/0cc55922-05fb-447f-ae5e-88582ad0efdf-1-ricb38il5636agwuwt8ikx3c0xxugumnobzfsobuo0.jpg 1024w, https:\/\/uejf.org\/tohubohu\/files\/2026\/01\/0cc55922-05fb-447f-ae5e-88582ad0efdf-1-300x300.jpg 300w, https:\/\/uejf.org\/tohubohu\/files\/2026\/01\/0cc55922-05fb-447f-ae5e-88582ad0efdf-1-150x150.jpg 150w, https:\/\/uejf.org\/tohubohu\/files\/2026\/01\/0cc55922-05fb-447f-ae5e-88582ad0efdf-1-768x768.jpg 768w, https:\/\/uejf.org\/tohubohu\/files\/2026\/01\/0cc55922-05fb-447f-ae5e-88582ad0efdf-1-600x600.jpg 600w, https:\/\/uejf.org\/tohubohu\/files\/2026\/01\/0cc55922-05fb-447f-ae5e-88582ad0efdf-1-1060x1060.jpg 1060w, https:\/\/uejf.org\/tohubohu\/files\/2026\/01\/0cc55922-05fb-447f-ae5e-88582ad0efdf-1-550x550.jpg 550w, https:\/\/uejf.org\/tohubohu\/files\/2026\/01\/0cc55922-05fb-447f-ae5e-88582ad0efdf-1-500x500.jpg 500w, https:\/\/uejf.org\/tohubohu\/files\/2026\/01\/0cc55922-05fb-447f-ae5e-88582ad0efdf-1-1080x1080.jpg 1080w, https:\/\/uejf.org\/tohubohu\/files\/2026\/01\/0cc55922-05fb-447f-ae5e-88582ad0efdf-1.jpg 1200w\" sizes=\"(max-width: 710px) 100vw, 710px\" \/>\t\t\t\t\t\t\t\t<\/a>\n\t\t\t\t\t\t\t\t\t\t\t\t\t\t\t<\/div>\n\t\t\t\t<div class=\"elementor-element elementor-element-2707420 elementor-widget elementor-widget-button elh-el button\" data-id=\"2707420\" data-element_type=\"widget\" data-settings=\"{&quot;design_style&quot;:&quot;style_1&quot;}\" data-widget_type=\"button.default\">\n\t\t\t\t<div class=\"elementor-widget-container\">\n\t\t\t\t\t\n        \n                <div class=\"tf-btn-wrapper\">\n            <a href=\"https:\/\/uejf.org\/tohubohu\/author\/yoangwilman\/\" class=\"tf-button\">Yoan Gwilman <i class=\"fal fa-plus\"><\/i><\/a>\n        <\/div>\n                \t\t\t\t<\/div>\n\t\t\t\t<\/div>\n\t\t\t\t<\/div>\n\t\t<div class=\"elementor-element elementor-element-8e8cc1f e-flex e-con-boxed e-con e-child\" data-id=\"8e8cc1f\" data-element_type=\"container\">\n\t\t\t\t\t<div class=\"e-con-inner\">\n\t\t\t\t<div class=\"elementor-element elementor-element-160c7b5 elementor-widget elementor-widget-image\" data-id=\"160c7b5\" data-element_type=\"widget\" data-widget_type=\"image.default\">\n\t\t\t\t\t\t\t\t\t\t\t\t\t\t\t<img loading=\"lazy\" decoding=\"async\" width=\"710\" height=\"710\" src=\"https:\/\/uejf.org\/tohubohu\/files\/2026\/02\/IMG_4699-1024x1024.jpg\" class=\"attachment-large size-large wp-image-2308\" alt=\"\" srcset=\"https:\/\/uejf.org\/tohubohu\/files\/2026\/02\/IMG_4699-1024x1024.jpg 1024w, https:\/\/uejf.org\/tohubohu\/files\/2026\/02\/IMG_4699-300x300.jpg 300w, https:\/\/uejf.org\/tohubohu\/files\/2026\/02\/IMG_4699-150x150.jpg 150w, https:\/\/uejf.org\/tohubohu\/files\/2026\/02\/IMG_4699-768x768.jpg 768w, https:\/\/uejf.org\/tohubohu\/files\/2026\/02\/IMG_4699-600x600.jpg 600w, https:\/\/uejf.org\/tohubohu\/files\/2026\/02\/IMG_4699-550x550.jpg 550w, https:\/\/uejf.org\/tohubohu\/files\/2026\/02\/IMG_4699-500x500.jpg 500w, https:\/\/uejf.org\/tohubohu\/files\/2026\/02\/IMG_4699.jpg 1059w\" sizes=\"(max-width: 710px) 100vw, 710px\" \/>\t\t\t\t\t\t\t\t\t\t\t\t\t\t\t<\/div>\n\t\t\t\t<div class=\"elementor-element elementor-element-191c7f9 elementor-widget elementor-widget-button elh-el button\" data-id=\"191c7f9\" data-element_type=\"widget\" data-settings=\"{&quot;design_style&quot;:&quot;style_1&quot;}\" data-widget_type=\"button.default\">\n\t\t\t\t<div class=\"elementor-widget-container\">\n\t\t\t\t\t\n        \n                <div class=\"tf-btn-wrapper\">\n            <a href=\"https:\/\/uejf.org\/tohubohu\/author\/raphaelschwab\/\" class=\"tf-button\">Rapha\u00ebl Schwab <i class=\"fal fa-plus\"><\/i><\/a>\n        <\/div>\n                \t\t\t\t<\/div>\n\t\t\t\t<\/div>\n\t\t\t\t\t<\/div>\n\t\t\t\t<\/div>\n\t\t<div class=\"elementor-element elementor-element-f9178c4 e-con-full e-flex e-con e-child\" data-id=\"f9178c4\" data-element_type=\"container\">\n\t\t\t\t<div class=\"elementor-element elementor-element-48440cb elementor-widget elementor-widget-image\" data-id=\"48440cb\" data-element_type=\"widget\" data-widget_type=\"image.default\">\n\t\t\t\t\t\t\t\t\t\t\t\t\t\t\t<img loading=\"lazy\" decoding=\"async\" width=\"566\" height=\"566\" src=\"https:\/\/uejf.org\/tohubohu\/files\/2026\/02\/72d436a9-6313-4706-8696-3226951824ef-2.jpg\" class=\"attachment-large size-large wp-image-2267\" alt=\"\" srcset=\"https:\/\/uejf.org\/tohubohu\/files\/2026\/02\/72d436a9-6313-4706-8696-3226951824ef-2.jpg 566w, https:\/\/uejf.org\/tohubohu\/files\/2026\/02\/72d436a9-6313-4706-8696-3226951824ef-2-300x300.jpg 300w, https:\/\/uejf.org\/tohubohu\/files\/2026\/02\/72d436a9-6313-4706-8696-3226951824ef-2-150x150.jpg 150w, https:\/\/uejf.org\/tohubohu\/files\/2026\/02\/72d436a9-6313-4706-8696-3226951824ef-2-550x550.jpg 550w, https:\/\/uejf.org\/tohubohu\/files\/2026\/02\/72d436a9-6313-4706-8696-3226951824ef-2-500x500.jpg 500w\" sizes=\"(max-width: 566px) 100vw, 566px\" \/>\t\t\t\t\t\t\t\t\t\t\t\t\t\t\t<\/div>\n\t\t\t\t<div class=\"elementor-element elementor-element-cb606ac elementor-widget elementor-widget-button elh-el button\" data-id=\"cb606ac\" data-element_type=\"widget\" data-settings=\"{&quot;design_style&quot;:&quot;style_1&quot;}\" data-widget_type=\"button.default\">\n\t\t\t\t<div class=\"elementor-widget-container\">\n\t\t\t\t\t\n        \n                <div class=\"tf-btn-wrapper\">\n            <a href=\"https:\/\/uejf.org\/tohubohu\/author\/carlaspodek\/\" class=\"tf-button\">Carla Spodek <i class=\"fal fa-plus\"><\/i><\/a>\n        <\/div>\n                \t\t\t\t<\/div>\n\t\t\t\t<\/div>\n\t\t\t\t<\/div>\n\t\t\t\t<\/div>\n\t\t\t\t<\/div>\n\t\t","protected":false},"excerpt":{"rendered":"<p>Chlo\u00e9 Ackermann Eliette Ankri Elie Beressi Marianne Cense Isma\u00ebl El Bou-Cottereau Gabriel Fleury Adam Medioni Nathan Guez Yossef Murciano Yoan Gwilman Rapha\u00ebl Schwab Carla Spodek<\/p>\n","protected":false},"author":38,"featured_media":0,"parent":0,"menu_order":0,"comment_status":"closed","ping_status":"closed","template":"","meta":{"_acf_changed":false,"ngg_post_thumbnail":0,"footnotes":""},"class_list":["post-2008","page","type-page","status-publish","hentry","is-cat-link-borders-light is-cat-link-rounded"],"acf":[],"_links":{"self":[{"href":"https:\/\/uejf.org\/tohubohu\/wp-json\/wp\/v2\/pages\/2008","targetHints":{"allow":["GET"]}}],"collection":[{"href":"https:\/\/uejf.org\/tohubohu\/wp-json\/wp\/v2\/pages"}],"about":[{"href":"https:\/\/uejf.org\/tohubohu\/wp-json\/wp\/v2\/types\/page"}],"author":[{"embeddable":true,"href":"https:\/\/uejf.org\/tohubohu\/wp-json\/wp\/v2\/users\/38"}],"replies":[{"embeddable":true,"href":"https:\/\/uejf.org\/tohubohu\/wp-json\/wp\/v2\/comments?post=2008"}],"version-history":[{"count":68,"href":"https:\/\/uejf.org\/tohubohu\/wp-json\/wp\/v2\/pages\/2008\/revisions"}],"predecessor-version":[{"id":2461,"href":"https:\/\/uejf.org\/tohubohu\/wp-json\/wp\/v2\/pages\/2008\/revisions\/2461"}],"wp:attachment":[{"href":"https:\/\/uejf.org\/tohubohu\/wp-json\/wp\/v2\/media?parent=2008"}],"curies":[{"name":"wp","href":"https:\/\/api.w.org\/{rel}","templated":true}]}}