{"id":1107,"date":"2026-01-21T23:41:05","date_gmt":"2026-01-21T22:41:05","guid":{"rendered":"https:\/\/uejf.org\/tohubohu\/?page_id=1107"},"modified":"2026-01-22T02:36:47","modified_gmt":"2026-01-22T01:36:47","slug":"articles","status":"publish","type":"page","link":"https:\/\/uejf.org\/tohubohu\/articles\/","title":{"rendered":"Articles"},"content":{"rendered":"\t\t<div data-elementor-type=\"wp-page\" data-elementor-id=\"1107\" class=\"elementor elementor-1107\">\n\t\t\t\t<div class=\"elementor-element elementor-element-f749c0d e-flex e-con-boxed e-con e-parent\" data-id=\"f749c0d\" data-element_type=\"container\">\n\t\t\t\t\t<div class=\"e-con-inner\">\n\t\t\t\t<div class=\"elementor-element elementor-element-7572596 elementor-widget elementor-widget-button elh-el button\" data-id=\"7572596\" data-element_type=\"widget\" data-settings=\"{&quot;design_style&quot;:&quot;style_1&quot;}\" data-widget_type=\"button.default\">\n\t\t\t\t<div class=\"elementor-widget-container\">\n\t\t\t\t\t\n        \n                <div class=\"tf-btn-wrapper\">\n            <a href=\"https:\/\/uejf.org\/tohubohu\/category\/entretiens\/\" class=\"tf-button\">L&#039;\u00c9dito du Pr\u00e9sident <i class=\"fal fa-plus\"><\/i><\/a>\n        <\/div>\n                \t\t\t\t<\/div>\n\t\t\t\t<\/div>\n\t\t\t\t\t<\/div>\n\t\t\t\t<\/div>\n\t\t<div class=\"elementor-element elementor-element-edaab71 e-flex e-con-boxed e-con e-parent\" data-id=\"edaab71\" data-element_type=\"container\">\n\t\t\t\t\t<div class=\"e-con-inner\">\n\t\t\t\t<div class=\"elementor-element elementor-element-792b418 elementor-widget elementor-widget-button elh-el button\" data-id=\"792b418\" data-element_type=\"widget\" data-settings=\"{&quot;design_style&quot;:&quot;style_1&quot;}\" data-widget_type=\"button.default\">\n\t\t\t\t<div class=\"elementor-widget-container\">\n\t\t\t\t\t\n        \n                <div class=\"tf-btn-wrapper\">\n            <a href=\"https:\/\/uejf.org\/tohubohu\/category\/entretiens\/\" class=\"tf-button\">Entretiens <i class=\"fal fa-plus\"><\/i><\/a>\n        <\/div>\n                \t\t\t\t<\/div>\n\t\t\t\t<\/div>\n\t\t\t\t\t<\/div>\n\t\t\t\t<\/div>\n\t\t<div class=\"elementor-element elementor-element-2f82312 e-flex e-con-boxed e-con e-parent\" data-id=\"2f82312\" data-element_type=\"container\">\n\t\t\t\t\t<div class=\"e-con-inner\">\n\t\t\t\t<div class=\"elementor-element elementor-element-01905bb elementor-widget elementor-widget-button elh-el button\" data-id=\"01905bb\" data-element_type=\"widget\" data-settings=\"{&quot;design_style&quot;:&quot;style_1&quot;}\" data-widget_type=\"button.default\">\n\t\t\t\t<div class=\"elementor-widget-container\">\n\t\t\t\t\t\n        \n                <div class=\"tf-btn-wrapper\">\n            <a href=\"https:\/\/uejf.org\/tohubohu\/category\/enquetes\/\" class=\"tf-button\">Enqu\u00eates <i class=\"fal fa-plus\"><\/i><\/a>\n        <\/div>\n                \t\t\t\t<\/div>\n\t\t\t\t<\/div>\n\t\t\t\t\t<\/div>\n\t\t\t\t<\/div>\n\t\t<div class=\"elementor-element elementor-element-435bbd0 e-flex e-con-boxed e-con e-parent\" data-id=\"435bbd0\" data-element_type=\"container\">\n\t\t\t\t\t<div class=\"e-con-inner\">\n\t\t\t\t<div class=\"elementor-element elementor-element-1662a17 elementor-widget elementor-widget-button elh-el button\" data-id=\"1662a17\" data-element_type=\"widget\" data-settings=\"{&quot;design_style&quot;:&quot;style_1&quot;}\" data-widget_type=\"button.default\">\n\t\t\t\t<div class=\"elementor-widget-container\">\n\t\t\t\t\t\n        \n                <div class=\"tf-btn-wrapper\">\n            <a href=\"https:\/\/uejf.org\/tohubohu\/category\/recensions\/\" class=\"tf-button\">Recensions <i class=\"fal fa-plus\"><\/i><\/a>\n        <\/div>\n                \t\t\t\t<\/div>\n\t\t\t\t<\/div>\n\t\t\t\t\t<\/div>\n\t\t\t\t<\/div>\n\t\t<div class=\"elementor-element elementor-element-388da6e e-flex e-con-boxed e-con e-parent\" data-id=\"388da6e\" data-element_type=\"container\">\n\t\t\t\t\t<div class=\"e-con-inner\">\n\t\t\t\t<div class=\"elementor-element elementor-element-d61f31a elementor-widget elementor-widget-button elh-el button\" data-id=\"d61f31a\" data-element_type=\"widget\" data-settings=\"{&quot;design_style&quot;:&quot;style_1&quot;}\" data-widget_type=\"button.default\">\n\t\t\t\t<div class=\"elementor-widget-container\">\n\t\t\t\t\t\n        \n                <div class=\"tf-btn-wrapper\">\n            <a href=\"https:\/\/uejf.org\/tohubohu\/category\/memoires-juives\/\" class=\"tf-button\">M\u00e9moires juives <i class=\"fal fa-plus\"><\/i><\/a>\n        <\/div>\n                \t\t\t\t<\/div>\n\t\t\t\t<\/div>\n\t\t\t\t\t<\/div>\n\t\t\t\t<\/div>\n\t\t<div class=\"elementor-element elementor-element-7dd53f1 e-flex e-con-boxed e-con e-parent\" data-id=\"7dd53f1\" data-element_type=\"container\">\n\t\t\t\t\t<div class=\"e-con-inner\">\n\t\t\t\t<div class=\"elementor-element elementor-element-e7b544d elementor-widget elementor-widget-button elh-el button\" data-id=\"e7b544d\" data-element_type=\"widget\" data-settings=\"{&quot;design_style&quot;:&quot;style_1&quot;}\" data-widget_type=\"button.default\">\n\t\t\t\t<div class=\"elementor-widget-container\">\n\t\t\t\t\t\n        \n                <div class=\"tf-btn-wrapper\">\n            <a href=\"https:\/\/uejf.org\/tohubohu\/category\/ledito-du-redacteur-en-chef\/\" class=\"tf-button\">L&#039;\u00c9dito du r\u00e9dacteur en chef <i class=\"fal fa-plus\"><\/i><\/a>\n        <\/div>\n                \t\t\t\t<\/div>\n\t\t\t\t<\/div>\n\t\t\t\t\t<\/div>\n\t\t\t\t<\/div>\n\t\t\t\t<\/div>\n\t\t","protected":false},"excerpt":{"rendered":"<p>L&#039;\u00c9dito du Pr\u00e9sident Entretiens Enqu\u00eates Recensions M\u00e9moires juives L&#039;\u00c9dito du r\u00e9dacteur en chef<\/p>\n","protected":false},"author":39,"featured_media":0,"parent":0,"menu_order":0,"comment_status":"closed","ping_status":"closed","template":"","meta":{"_acf_changed":false,"ngg_post_thumbnail":0,"footnotes":""},"class_list":["post-1107","page","type-page","status-publish","hentry","is-cat-link-borders-light is-cat-link-rounded"],"acf":[],"_links":{"self":[{"href":"https:\/\/uejf.org\/tohubohu\/wp-json\/wp\/v2\/pages\/1107","targetHints":{"allow":["GET"]}}],"collection":[{"href":"https:\/\/uejf.org\/tohubohu\/wp-json\/wp\/v2\/pages"}],"about":[{"href":"https:\/\/uejf.org\/tohubohu\/wp-json\/wp\/v2\/types\/page"}],"author":[{"embeddable":true,"href":"https:\/\/uejf.org\/tohubohu\/wp-json\/wp\/v2\/users\/39"}],"replies":[{"embeddable":true,"href":"https:\/\/uejf.org\/tohubohu\/wp-json\/wp\/v2\/comments?post=1107"}],"version-history":[{"count":15,"href":"https:\/\/uejf.org\/tohubohu\/wp-json\/wp\/v2\/pages\/1107\/revisions"}],"predecessor-version":[{"id":1174,"href":"https:\/\/uejf.org\/tohubohu\/wp-json\/wp\/v2\/pages\/1107\/revisions\/1174"}],"wp:attachment":[{"href":"https:\/\/uejf.org\/tohubohu\/wp-json\/wp\/v2\/media?parent=1107"}],"curies":[{"name":"wp","href":"https:\/\/api.w.org\/{rel}","templated":true}]}}