{"id":8,"date":"2013-03-03T23:37:01","date_gmt":"2013-03-03T22:37:01","guid":{"rendered":"http:\/\/uejf.org\/iraniansinauschwitzeng\/?page_id=8"},"modified":"2013-03-04T00:24:01","modified_gmt":"2013-03-03T23:24:01","slug":"partners","status":"publish","type":"page","link":"https:\/\/uejf.org\/iraniansinauschwitzeng\/partners\/","title":{"rendered":"Partners"},"content":{"rendered":"<p style=\"text-align: center;\"><strong>Foundation for the Memory of Shoah<\/strong><br \/>\n<strong> (Fondation pour la M\u00e9moire de la Shoah)<\/strong><\/p>\n<p style=\"text-align: center;\"><a href=\"http:\/\/uejf.org\/iraniansinauschwitzeng\/files\/2013\/03\/Logo_FMS__RVB_180.jpg\"><img loading=\"lazy\" decoding=\"async\" class=\"aligncenter size-thumbnail wp-image-100\" alt=\"Logo_FMS__RVB_180\" src=\"http:\/\/uejf.org\/iraniansinauschwitzeng\/files\/2013\/03\/Logo_FMS__RVB_180-150x150.jpg\" width=\"150\" height=\"150\" srcset=\"https:\/\/uejf.org\/iraniansinauschwitzeng\/files\/2013\/03\/Logo_FMS__RVB_180-150x150.jpg 150w, https:\/\/uejf.org\/iraniansinauschwitzeng\/files\/2013\/03\/Logo_FMS__RVB_180.jpg 180w\" sizes=\"auto, (max-width: 150px) 100vw, 150px\" \/><\/a><\/p>\n<p style=\"text-align: center;\"><strong>Foundation Verb and Light<\/strong><br \/>\n<strong> (Fondation Verbe et Lumi\u00e8re)<\/strong><\/p>\n<p style=\"text-align: center;\"><img loading=\"lazy\" decoding=\"async\" class=\"alignnone\" alt=\"\" src=\"http:\/\/uejf.org\/iraniansinauschwitzFR\/files\/2012\/08\/VL-logo.jpg\" width=\"300\" height=\"114\" \/><\/p>\n<p style=\"text-align: center;\"><strong>Shoah Memorial<\/strong><br \/>\n<strong> (M\u00e9morial de la Shoah)<\/strong><\/p>\n<p style=\"text-align: center;\"><a href=\"http:\/\/uejf.org\/iraniansinauschwitzeng\/files\/2013\/03\/logo.gif\"><img loading=\"lazy\" decoding=\"async\" class=\"aligncenter size-thumbnail wp-image-98\" alt=\"logo\" src=\"http:\/\/uejf.org\/iraniansinauschwitzeng\/files\/2013\/03\/logo-150x150.gif\" width=\"150\" height=\"150\" \/><\/a><\/p>\n<p style=\"text-align: center;\"><strong>Partners<\/strong><\/p>\n<p style=\"text-align: center;\"><strong>Confederation of Iranian Students<\/strong><\/p>\n<p style=\"text-align: center;\"><a href=\"http:\/\/uejf.org\/iraniansinauschwitzeng\/files\/2013\/03\/CIS-Logo-150x150-1.jpg\"><img loading=\"lazy\" decoding=\"async\" class=\"aligncenter size-thumbnail wp-image-97\" alt=\"CIS-Logo-150x150-1\" src=\"http:\/\/uejf.org\/iraniansinauschwitzeng\/files\/2013\/03\/CIS-Logo-150x150-1-150x150.jpg\" width=\"150\" height=\"150\" \/><\/a><\/p>\n","protected":false},"excerpt":{"rendered":"<p>Foundation for the Memory of Shoah (Fondation pour la M\u00e9moire de la Shoah) Foundation Verb and Light (Fondation Verbe et Lumi\u00e8re) Shoah Memorial (M\u00e9morial de la Shoah) Partners Confederation of Iranian Students<\/p>\n","protected":false},"author":2,"featured_media":0,"parent":0,"menu_order":0,"comment_status":"closed","ping_status":"closed","template":"","meta":{"ngg_post_thumbnail":0,"footnotes":""},"class_list":["post-8","page","type-page","status-publish","hentry"],"_links":{"self":[{"href":"https:\/\/uejf.org\/iraniansinauschwitzeng\/wp-json\/wp\/v2\/pages\/8","targetHints":{"allow":["GET"]}}],"collection":[{"href":"https:\/\/uejf.org\/iraniansinauschwitzeng\/wp-json\/wp\/v2\/pages"}],"about":[{"href":"https:\/\/uejf.org\/iraniansinauschwitzeng\/wp-json\/wp\/v2\/types\/page"}],"author":[{"embeddable":true,"href":"https:\/\/uejf.org\/iraniansinauschwitzeng\/wp-json\/wp\/v2\/users\/2"}],"replies":[{"embeddable":true,"href":"https:\/\/uejf.org\/iraniansinauschwitzeng\/wp-json\/wp\/v2\/comments?post=8"}],"version-history":[{"count":5,"href":"https:\/\/uejf.org\/iraniansinauschwitzeng\/wp-json\/wp\/v2\/pages\/8\/revisions"}],"predecessor-version":[{"id":101,"href":"https:\/\/uejf.org\/iraniansinauschwitzeng\/wp-json\/wp\/v2\/pages\/8\/revisions\/101"}],"wp:attachment":[{"href":"https:\/\/uejf.org\/iraniansinauschwitzeng\/wp-json\/wp\/v2\/media?parent=8"}],"curies":[{"name":"wp","href":"https:\/\/api.w.org\/{rel}","templated":true}]}}