{"id":22,"date":"2013-03-03T23:40:46","date_gmt":"2013-03-03T22:40:46","guid":{"rendered":"http:\/\/uejf.org\/iraniansinauschwitzeng\/?page_id=22"},"modified":"2013-03-03T23:59:21","modified_gmt":"2013-03-03T22:59:21","slug":"tweets","status":"publish","type":"page","link":"https:\/\/uejf.org\/iraniansinauschwitzeng\/medias\/tweets\/","title":{"rendered":"Tweets"},"content":{"rendered":"<blockquote class=\"twitter-tweet tw-align-center\">\n<p>Embarcation pour la Pologne et les camps de concentration et d&#8217;extermination. Le hashtag pour suivre mon voyage sera <a href=\"https:\/\/twitter.com\/search\/%23devoirdememoire\"><s>#<\/s><b>devoirdememoire<\/b><\/a><\/p>\n<p>&mdash; Arash Derambarsh (@Arash) <a href=\"https:\/\/twitter.com\/Arash\/status\/185051702926376962\" data-datetime=\"2012-03-28T17:12:18+00:00\">March 28, 2012<\/a><\/p><\/blockquote>\n<p><script src=\"\/\/platform.twitter.com\/widgets.js\" charset=\"utf-8\"><\/script><\/p>\n<blockquote class=\"twitter-tweet tw-align-center\">\n<p>Photo AVANT. Le ghetto de Varsovie en 1942. 450000 prisonniers dedans car coupable d&#8217;\u00eatre &#8220;juif&#8221;. <a href=\"https:\/\/twitter.com\/search\/%23devoirdememoire\"><s>#<\/s><b>devoirdememoire<\/b><\/a> <a href=\"http:\/\/t.co\/UqIEq5vQ\" title=\"http:\/\/twitter.com\/Arash\/status\/185291928131223552\/photo\/1\">twitter.com\/Arash\/status\/1\u2026<\/a><\/p>\n<p>&mdash; Arash Derambarsh (@Arash) <a href=\"https:\/\/twitter.com\/Arash\/status\/185291928131223552\" data-datetime=\"2012-03-29T09:06:53+00:00\">March 29, 2012<\/a><\/p><\/blockquote>\n<p><script src=\"\/\/platform.twitter.com\/widgets.js\" charset=\"utf-8\"><\/script><\/p>\n<blockquote class=\"twitter-tweet tw-align-center\">\n<p>Plan du ghetto de Varsovie (1940 &#8211; 1943). Plus de 450.000 personnes dans ce ghetto ! <a href=\"https:\/\/twitter.com\/search\/%23devoirdememoire\"><s>#<\/s><b>devoirdememoire<\/b><\/a> <a href=\"http:\/\/t.co\/bi9B6N8R\" title=\"http:\/\/twitter.com\/Arash\/status\/185285678509199360\/photo\/1\">twitter.com\/Arash\/status\/1\u2026<\/a><\/p>\n<p>&mdash; Arash Derambarsh (@Arash) <a href=\"https:\/\/twitter.com\/Arash\/status\/185285678509199360\" data-datetime=\"2012-03-29T08:42:03+00:00\">March 29, 2012<\/a><\/p><\/blockquote>\n<p><script src=\"\/\/platform.twitter.com\/widgets.js\" charset=\"utf-8\"><\/script><\/p>\n<blockquote class=\"twitter-tweet tw-align-center\">\n<p>Photo NOW en 2012. Apr\u00e8s le ghetto de Varsovie. <a href=\"https:\/\/twitter.com\/search\/%23devoirdememoire\"><s>#<\/s><b>devoirdememoire<\/b><\/a> <a href=\"http:\/\/t.co\/qZuByd4L\" title=\"http:\/\/twitter.com\/Arash\/status\/185293414277980160\/photo\/1\">twitter.com\/Arash\/status\/1\u2026<\/a><\/p>\n<p>&mdash; Arash Derambarsh (@Arash) <a href=\"https:\/\/twitter.com\/Arash\/status\/185293414277980160\" data-datetime=\"2012-03-29T09:12:47+00:00\">March 29, 2012<\/a><\/p><\/blockquote>\n<p><script src=\"\/\/platform.twitter.com\/widgets.js\" charset=\"utf-8\"><\/script><\/p>\n<blockquote class=\"twitter-tweet tw-align-center\">\n<p>L&#8217;entr\u00e9e gla\u00e7ante du ghetto de Varsovie&#8230; 450000 prisonniers juifs sont entr\u00e9s par cette porte. <a href=\"https:\/\/twitter.com\/search\/%23devoirdememoire\"><s>#<\/s><b>devoirdememoire<\/b><\/a> <a href=\"http:\/\/t.co\/hWVjERx7\" title=\"http:\/\/twitter.com\/Arash\/status\/185299363466194944\/photo\/1\">twitter.com\/Arash\/status\/1\u2026<\/a><\/p>\n<p>&mdash; Arash Derambarsh (@Arash) <a href=\"https:\/\/twitter.com\/Arash\/status\/185299363466194944\" data-datetime=\"2012-03-29T09:36:26+00:00\">March 29, 2012<\/a><\/p><\/blockquote>\n<p><script src=\"\/\/platform.twitter.com\/widgets.js\" charset=\"utf-8\"><\/script><\/p>\n<blockquote class=\"twitter-tweet tw-align-center\">\n<p>[Recueillement] Hommage aux 500 combattants qui ont r\u00e9sist\u00e9 en 1942 au sein du ghetto de Varsovie<a href=\"https:\/\/twitter.com\/search\/%23devoirdememoire\"><s>#<\/s><b>devoirdememoire<\/b><\/a> <a href=\"http:\/\/t.co\/pBvAedGo\" title=\"http:\/\/twitter.com\/Arash\/status\/185308954845384704\/photo\/1\">twitter.com\/Arash\/status\/1\u2026<\/a><\/p>\n<p>&mdash; Arash Derambarsh (@Arash) <a href=\"https:\/\/twitter.com\/Arash\/status\/185308954845384704\" data-datetime=\"2012-03-29T10:14:33+00:00\">March 29, 2012<\/a><\/p><\/blockquote>\n<p><script src=\"\/\/platform.twitter.com\/widgets.js\" charset=\"utf-8\"><\/script><\/p>\n<blockquote class=\"twitter-tweet tw-align-center\">\n<p>Bienvenu en enfer, vous \u00eates au camps d&#8217;extermination de Treblinka : 800000 morts de 1942 \u00e0 1943. <a href=\"https:\/\/twitter.com\/search\/%23devoirdememoire\"><s>#<\/s><b>devoirdememoire<\/b><\/a> <a href=\"http:\/\/t.co\/aetXus3f\" title=\"http:\/\/twitter.com\/Arash\/status\/185387848025915392\/photo\/1\">twitter.com\/Arash\/status\/1\u2026<\/a><\/p>\n<p>&mdash; Arash Derambarsh (@Arash) <a href=\"https:\/\/twitter.com\/Arash\/status\/185387848025915392\" data-datetime=\"2012-03-29T15:28:02+00:00\">March 29, 2012<\/a><\/p><\/blockquote>\n<p><script src=\"\/\/platform.twitter.com\/widgets.js\" charset=\"utf-8\"><\/script><\/p>\n<blockquote class=\"twitter-tweet tw-align-center\">\n<p>En empruntant ce chemin, nous arrivons aux 13 chambres \u00e0 gaz du camps de Treblinka. 800000 morts&#8230; <a href=\"https:\/\/twitter.com\/search\/%23devoirdememoire\"><s>#<\/s><b>devoirdememoire<\/b><\/a> <a href=\"http:\/\/t.co\/2fEWjvp7\" title=\"http:\/\/twitter.com\/Arash\/status\/185395062996353024\/photo\/1\">twitter.com\/Arash\/status\/1\u2026<\/a><\/p>\n<p>&mdash; Arash Derambarsh (@Arash) <a href=\"https:\/\/twitter.com\/Arash\/status\/185395062996353024\" data-datetime=\"2012-03-29T15:56:43+00:00\">March 29, 2012<\/a><\/p><\/blockquote>\n<p><script src=\"\/\/platform.twitter.com\/widgets.js\" charset=\"utf-8\"><\/script><\/p>\n<blockquote class=\"twitter-tweet tw-align-center\">\n<p>Le silence total r\u00e8gne. Les nazis ont ras\u00e9 ce lieu. Il fait froid. Endroit triste. Le malheur raisonne <a href=\"https:\/\/twitter.com\/search\/%23devoirdememoire\"><s>#<\/s><b>devoirdememoire<\/b><\/a> <a href=\"http:\/\/t.co\/tkfvAOsa\" title=\"http:\/\/twitter.com\/Arash\/status\/185398630042181633\/photo\/1\">twitter.com\/Arash\/status\/1\u2026<\/a><\/p>\n<p>&mdash; Arash Derambarsh (@Arash) <a href=\"https:\/\/twitter.com\/Arash\/status\/185398630042181633\" data-datetime=\"2012-03-29T16:10:53+00:00\">March 29, 2012<\/a><\/p><\/blockquote>\n<p><script src=\"\/\/platform.twitter.com\/widgets.js\" charset=\"utf-8\"><\/script><\/p>\n<blockquote class=\"twitter-tweet tw-align-center\">\n<p>[Treblinka] ici, il y avait 13 chambres \u00e0 gaz. 1000 personnes\/chambre. 16000 tu\u00e9s\/jour. 800000 morts. <a href=\"https:\/\/twitter.com\/search\/%23devoirdememoire\"><s>#<\/s><b>devoirdememoire<\/b><\/a> <a href=\"http:\/\/t.co\/xRwZA1eo\" title=\"http:\/\/twitter.com\/Arash\/status\/185404104997220353\/photo\/1\">twitter.com\/Arash\/status\/1\u2026<\/a><\/p>\n<p>&mdash; Arash Derambarsh (@Arash) <a href=\"https:\/\/twitter.com\/Arash\/status\/185404104997220353\" data-datetime=\"2012-03-29T16:32:38+00:00\">March 29, 2012<\/a><\/p><\/blockquote>\n<p><script src=\"\/\/platform.twitter.com\/widgets.js\" charset=\"utf-8\"><\/script><\/p>\n<blockquote class=\"twitter-tweet tw-align-center\">\n<p>Bonjour \u00e0 tous ! 3\u00e8me journ\u00e9e en Pologne. Nous arrivons aux camps de concentration d&#8217;Auschwitz 1, 2 et 3. Le hashtag : <a href=\"https:\/\/twitter.com\/search\/%23devoirdememoire\"><s>#<\/s><b>devoirdememoire<\/b><\/a><\/p>\n<p>&mdash; Arash Derambarsh (@Arash) <a href=\"https:\/\/twitter.com\/Arash\/status\/185637176388751361\" data-datetime=\"2012-03-30T07:58:46+00:00\">March 30, 2012<\/a><\/p><\/blockquote>\n<p><script src=\"\/\/platform.twitter.com\/widgets.js\" charset=\"utf-8\"><\/script><\/p>\n<blockquote class=\"twitter-tweet tw-align-center\">\n<p>Voici le train qui am\u00e8ne \u00e0 Auschwitz. Les juifs sont s\u00e9lectionn\u00e9s ici d\u00e8s 1940. 1,2 millions de morts. <a href=\"https:\/\/twitter.com\/search\/%23devoirdememoire\"><s>#<\/s><b>devoirdememoire<\/b><\/a> <a href=\"http:\/\/t.co\/TJbfWXPl\" title=\"http:\/\/twitter.com\/Arash\/status\/185649457403138049\/photo\/1\">twitter.com\/Arash\/status\/1\u2026<\/a><\/p>\n<p>&mdash; Arash Derambarsh (@Arash) <a href=\"https:\/\/twitter.com\/Arash\/status\/185649457403138049\" data-datetime=\"2012-03-30T08:47:35+00:00\">March 30, 2012<\/a><\/p><\/blockquote>\n<p><script src=\"\/\/platform.twitter.com\/widgets.js\" charset=\"utf-8\"><\/script><\/p>\n<blockquote class=\"twitter-tweet tw-align-center\">\n<p>Face au camps de concentration et d&#8217;extermination d&#8217;Auschwitz &#8211; Birkenau. 1,2 millions de morts. <a href=\"https:\/\/twitter.com\/search\/%23devoirdememoire\"><s>#<\/s><b>devoirdememoire<\/b><\/a> <a href=\"http:\/\/t.co\/TdIZexFn\" title=\"http:\/\/twitter.com\/Arash\/status\/185658391891419136\/photo\/1\">twitter.com\/Arash\/status\/1\u2026<\/a><\/p>\n<p>&mdash; Arash Derambarsh (@Arash) <a href=\"https:\/\/twitter.com\/Arash\/status\/185658391891419136\" data-datetime=\"2012-03-30T09:23:05+00:00\">March 30, 2012<\/a><\/p><\/blockquote>\n<p><script src=\"\/\/platform.twitter.com\/widgets.js\" charset=\"utf-8\"><\/script><\/p>\n<blockquote class=\"twitter-tweet tw-align-center\">\n<p>Retour \u00e0 Varsovie. Voir les camps d&#8217;extermination et de concentration de Treblinka, Auschwitz et Birkenau me marquera \u00e0 vie <a href=\"https:\/\/twitter.com\/search\/%23devoirdememoire\"><s>#<\/s><b>devoirdememoire<\/b><\/a><\/p>\n<p>&mdash; Arash Derambarsh (@Arash) <a href=\"https:\/\/twitter.com\/Arash\/status\/186386653324120065\" data-datetime=\"2012-04-01T09:36:55+00:00\">April 1, 2012<\/a><\/p><\/blockquote>\n<p><script src=\"\/\/platform.twitter.com\/widgets.js\" charset=\"utf-8\"><\/script><\/p>\n<blockquote class=\"twitter-tweet tw-align-center\">\n<p>Retour \u00e0 Paris \/ Courbevoie la D\u00e9fense. Cela fait du bien de retrouver sa France natale. Merci \u00e0 tous pour ce voyage du <a href=\"https:\/\/twitter.com\/search\/%23devoirdememoire\"><s>#<\/s><b>devoirdememoire<\/b><\/a><\/p>\n<p>&mdash; Arash Derambarsh (@Arash) <a href=\"https:\/\/twitter.com\/Arash\/status\/186540986451767297\" data-datetime=\"2012-04-01T19:50:11+00:00\">April 1, 2012<\/a><\/p><\/blockquote>\n<p><script src=\"\/\/platform.twitter.com\/widgets.js\" charset=\"utf-8\"><\/script><\/p>\n","protected":false},"excerpt":{"rendered":"<p>Embarcation pour la Pologne et les camps de concentration et d&#8217;extermination. Le hashtag pour suivre mon voyage sera #devoirdememoire &mdash; Arash Derambarsh (@Arash) March 28, 2012 Photo AVANT. Le ghetto de Varsovie en 1942. 450000 prisonniers dedans car coupable d&#8217;\u00eatre &#8220;juif&#8221;. #devoirdememoire twitter.com\/Arash\/status\/1\u2026 &mdash; Arash Derambarsh (@Arash) March 29, 2012 Plan du ghetto de Varsovie [&hellip;]<\/p>\n","protected":false},"author":2,"featured_media":0,"parent":7,"menu_order":0,"comment_status":"closed","ping_status":"closed","template":"","meta":{"ngg_post_thumbnail":0,"footnotes":""},"class_list":["post-22","page","type-page","status-publish","hentry"],"_links":{"self":[{"href":"https:\/\/uejf.org\/iraniansinauschwitzeng\/wp-json\/wp\/v2\/pages\/22","targetHints":{"allow":["GET"]}}],"collection":[{"href":"https:\/\/uejf.org\/iraniansinauschwitzeng\/wp-json\/wp\/v2\/pages"}],"about":[{"href":"https:\/\/uejf.org\/iraniansinauschwitzeng\/wp-json\/wp\/v2\/types\/page"}],"author":[{"embeddable":true,"href":"https:\/\/uejf.org\/iraniansinauschwitzeng\/wp-json\/wp\/v2\/users\/2"}],"replies":[{"embeddable":true,"href":"https:\/\/uejf.org\/iraniansinauschwitzeng\/wp-json\/wp\/v2\/comments?post=22"}],"version-history":[{"count":3,"href":"https:\/\/uejf.org\/iraniansinauschwitzeng\/wp-json\/wp\/v2\/pages\/22\/revisions"}],"predecessor-version":[{"id":72,"href":"https:\/\/uejf.org\/iraniansinauschwitzeng\/wp-json\/wp\/v2\/pages\/22\/revisions\/72"}],"up":[{"embeddable":true,"href":"https:\/\/uejf.org\/iraniansinauschwitzeng\/wp-json\/wp\/v2\/pages\/7"}],"wp:attachment":[{"href":"https:\/\/uejf.org\/iraniansinauschwitzeng\/wp-json\/wp\/v2\/media?parent=22"}],"curies":[{"name":"wp","href":"https:\/\/api.w.org\/{rel}","templated":true}]}}