{"id":9,"date":"2012-08-07T19:53:28","date_gmt":"2012-08-07T18:53:28","guid":{"rendered":"http:\/\/uejf.org\/iraniansinauschwitz\/?page_id=9"},"modified":"2013-03-03T23:18:28","modified_gmt":"2013-03-03T22:18:28","slug":"demarche","status":"publish","type":"page","link":"https:\/\/uejf.org\/iraniansinauschwitzFR\/le-voyage\/demarche\/","title":{"rendered":"D\u00e9marche"},"content":{"rendered":"<p><span style=\"text-decoration: underline;\">L\u2019Union des Etudiants juifs de France, une association qui promeut le travail de m\u00e9moire.<\/span><\/p>\n<p>L&#8217;Union des Etudiants des Juifs de France, est une association n\u00e9e en 1944 pendant la Seconde Guerre Mondiale. Elle a \u00e9t\u00e9 cr\u00e9\u00e9e par de\u00a0jeunes\u00a0r\u00e9sistants juifs \u00e0 la fin de la guerre. Apr\u00e8s\u00a0l\u2019armistice,\u00a0l&#8217;association alors sortie de la clandestinit\u00e9 veille, en parall\u00e8le de son travail social, \u00e0 garantir la pr\u00e9servation de la m\u00e9moire de la Shoah. Jusqu\u2019\u00e0 aujourd\u2019hui, l\u2019UEJF lutte contre le racisme et l&#8217;antis\u00e9mitisme, promeut les\u00a0Droits\u00a0de l&#8217;Homme, et milite en faveur de la paix au Proche-Orient.<\/p>\n<p>Tous les ans, l\u2019UEJF emm\u00e8ne une d\u00e9l\u00e9gation d\u2019\u00e9tudiants juifs en Pologne visiter les lieux d\u2019extermination, afin de mieux comprendre la sp\u00e9cificit\u00e9 de la Shoah. Ces voyages s\u2019inscrivent dans un travail complexe. Certains des lieux de m\u00e9moire sont compl\u00e8tement d\u00e9truits, et les survivants sont aujourd\u2019hui peu nombreux. Ils permettent notamment de faire d\u00e9couvrir aux \u00e9tudiants la culture des communaut\u00e9s juives d\u2019Europe de l\u2019Est, en visitant les lieux de vie, dont Varsovie, Cracovie, en en rencontrant la communaut\u00e9 juive locale. Un ancien d\u00e9port\u00e9, rescap\u00e9 d\u2019Auschwitz, accompagnera le groupe\u00a0: Benjamin Orenstein.<\/p>\n<p>En parall\u00e8le du voyage des \u00e9tudiants juifs, l\u2019UEJF conduit ann\u00e9e apr\u00e8s ann\u00e9e des d\u00e9l\u00e9gations compos\u00e9es dans le cadres de projets qui font sens en regard de l\u2019actualit\u00e9 politique et sociale : jeunes leaders des\u00a0partis\u00a0politiques fran\u00e7ais,\u00a0associations\u00a0de lutte contre le n\u00e9gationnisme,\u00a0repr\u00e9sentants\u00a0des syndicats\u00a0\u00e9tudiants, responsables d&#8217;associations de Tsiganes, Roms et gens du voyage. <strong>Cette ann\u00e9e, c\u2019est \u00e0 la CIS (Conf\u00e9d\u00e9ration des Etudiants Iraniens) cette ann\u00e9e que nous proposons de nous rejoindre en d\u00e9l\u00e9gation, ainsi qu\u2019\u00e0 des personnalit\u00e9s juives franco-iraniennes engag\u00e9es.<\/strong><\/p>\n<p>&nbsp;<\/p>\n<p align=\"right\">Paris, le 27 mars 2012<\/p>\n<p style=\"text-align: center;\" align=\"right\">COMMUNIQUE DE PRESSE<\/p>\n<p>\u00a0Objet\u00a0: <strong>L&#8217;UEJF emm\u00e8ne \u00a0une d\u00e9l\u00e9gation compos\u00e9e de juifs de France et d&#8217;iraniens en Pologne pour lutter contre le\u00a0n\u00e9gationnisme\u00a0et les discours de haine<\/strong><\/p>\n<p style=\"text-align: center;\">\u00a0<strong>Juifs et Iraniens en Pologne<\/strong><\/p>\n<p align=\"center\"><strong>Ensemble contre le n\u00e9gationnisme<\/strong><\/p>\n<p align=\"center\"><strong>Conf\u00e9rence de Presse Mercredi 28 mars 2012 \u00e0 10h30 \u00e0 la Maison des Initiatives Etudiantes, au 50 rue des Tournelles dans le 3<sup>\u00e8me<\/sup><\/strong><strong>\u00a0<\/strong><strong>arrondissement de Paris.<\/strong><\/p>\n<p>\u00a0<strong>L&#8217;UEJF invite la Conf\u00e9d\u00e9ration des Etudiants Iraniens ainsi que des\u00a0personnalit\u00e9s\u00a0iraniennes en exil de \u00e0 un voyage sur la M\u00e9moire de la Shoah. Dans un souci partag\u00e9 de mieux combattre l&#8217;antis\u00e9mitisme, \u00a0le n\u00e9gationnisme et les discours de haine, cette d\u00e9l\u00e9gation se rendra \u00e0 notamment \u00e0 Auschwitz et Treblinka.\u00a0<\/strong><\/p>\n<p>Pour Jonathan Hayoun, Pr\u00e9sident de l&#8217;UEJF: &#8221; Nous avons r\u00e9uni des Juifs et \u00a0des Iraniens ensemble pour combattre l&#8217;antis\u00e9mitisme et le n\u00e9gationnisme. Suite au drame de Toulouse-Montauban, il est important de renforcer \u00a0et faire se rencontrer ceux qui luttent pour d\u00e9fendre la d\u00e9mocratie et le vivre ensemble. Ce voyage de la m\u00e9moire renforcera notre vigilance et nous permettra ensemble,\u00a0\u00e9tudiants\u00a0juifs et iraniens, de mieux lutter contre ceux qui pr\u00f4nent la haine des Juifs et de la d\u00e9mocratie&#8221;.<\/p>\n<p style=\"text-align: center;\">\u00a0<strong>Une conf\u00e9rence de Presse<\/strong><\/p>\n<p align=\"center\"><strong>de pr\u00e9sentation du Voyage\u00a0<\/strong><\/p>\n<p align=\"center\"><strong>se tiendra Mercredi 28 mars \u00e0 10h30<\/strong><\/p>\n<p align=\"center\"><strong>\u00e0 la Maison des Initiatives \u00e9tudiantes, 50 rue des Tournelles 75003 Paris<\/strong><\/p>\n<p style=\"text-align: center;\">\u00a0 \u00a0 \u00a0 \u00a0 \u00a0 \u00a0 \u00a0 \u00a0 \u00a0 \u00a0 \u00a0 \u00a0 \u00a0En pr\u00e9sence de\u00a0<strong>Jonathan HAYOUN, Pr\u00e9sident de l\u2019UEJF<\/strong><\/p>\n<p align=\"center\"><strong>Saghar Erica Kasraie, Porte Parole de la Conf\u00e9d\u00e9ration des \u00e9tudiants iraniens<\/strong><\/p>\n<p align=\"center\"><strong>Cyrus Atory, photographe<\/strong><\/p>\n<p align=\"center\"><strong>Sarah Glidden, dessinatrice<\/strong><\/p>\n<p align=\"center\">Le voyage inclura les visites des villes de Varsovie, Cracovie, et des rencontres avec la communaut\u00e9 juive y vivant actuellement. Un ancien d\u00e9port\u00e9, rescap\u00e9 d\u2019Auschwitz, accompagnera le groupe\u00a0: Benjamin Orenstein. La d\u00e9l\u00e9gation visitera les lieux d\u2019extermination afin de comprendre la sp\u00e9cificit\u00e9 de la Shoah, et la complexit\u00e9 du travail de m\u00e9moire sur des lieux compl\u00e8tement d\u00e9truits afin de montrer l\u2019importance de la culture qui pr\u00e9valait avant la guerre et sa destruction en visitant les lieux de vie, les villes, villages et lieux de mort. Les camps d\u2019Auschwitz-Birkenau et de Treblinka seront visit\u00e9s.<\/p>\n","protected":false},"excerpt":{"rendered":"<p>L\u2019Union des Etudiants juifs de France, une association qui promeut le travail de m\u00e9moire. L&#8217;Union des Etudiants des Juifs de France, est une association n\u00e9e en 1944 pendant la Seconde Guerre Mondiale. Elle a \u00e9t\u00e9 cr\u00e9\u00e9e par de\u00a0jeunes\u00a0r\u00e9sistants juifs \u00e0 la fin de la guerre. Apr\u00e8s\u00a0l\u2019armistice,\u00a0l&#8217;association alors sortie de la clandestinit\u00e9 veille, en parall\u00e8le de [&hellip;]<\/p>\n","protected":false},"author":2,"featured_media":0,"parent":7,"menu_order":0,"comment_status":"closed","ping_status":"closed","template":"","meta":{"ngg_post_thumbnail":0,"footnotes":""},"class_list":["post-9","page","type-page","status-publish","hentry"],"_links":{"self":[{"href":"https:\/\/uejf.org\/iraniansinauschwitzFR\/wp-json\/wp\/v2\/pages\/9","targetHints":{"allow":["GET"]}}],"collection":[{"href":"https:\/\/uejf.org\/iraniansinauschwitzFR\/wp-json\/wp\/v2\/pages"}],"about":[{"href":"https:\/\/uejf.org\/iraniansinauschwitzFR\/wp-json\/wp\/v2\/types\/page"}],"author":[{"embeddable":true,"href":"https:\/\/uejf.org\/iraniansinauschwitzFR\/wp-json\/wp\/v2\/users\/2"}],"replies":[{"embeddable":true,"href":"https:\/\/uejf.org\/iraniansinauschwitzFR\/wp-json\/wp\/v2\/comments?post=9"}],"version-history":[{"count":7,"href":"https:\/\/uejf.org\/iraniansinauschwitzFR\/wp-json\/wp\/v2\/pages\/9\/revisions"}],"predecessor-version":[{"id":156,"href":"https:\/\/uejf.org\/iraniansinauschwitzFR\/wp-json\/wp\/v2\/pages\/9\/revisions\/156"}],"up":[{"embeddable":true,"href":"https:\/\/uejf.org\/iraniansinauschwitzFR\/wp-json\/wp\/v2\/pages\/7"}],"wp:attachment":[{"href":"https:\/\/uejf.org\/iraniansinauschwitzFR\/wp-json\/wp\/v2\/media?parent=9"}],"curies":[{"name":"wp","href":"https:\/\/api.w.org\/{rel}","templated":true}]}}