{"id":63,"date":"2012-08-07T20:09:24","date_gmt":"2012-08-07T19:09:24","guid":{"rendered":"http:\/\/uejf.org\/iraniansinauschwitz\/?page_id=63"},"modified":"2012-08-07T21:57:57","modified_gmt":"2012-08-07T20:57:57","slug":"programme","status":"publish","type":"page","link":"https:\/\/uejf.org\/iraniansinauschwitzFR\/le-voyage\/programme\/","title":{"rendered":"Programme"},"content":{"rendered":"<p style=\"text-align: center;\">Programme<\/p>\n<p style=\"text-align: center;\"><strong>Mercredi 28 mars<\/strong><\/p>\n<p style=\"text-align: center;\"><em>Soir\u00a0: <\/em>\u00a0\u00a0\u00a0\u00a0\u00a0\u00a0\u00a0\u00a0\u00a0\u00a0\u00a0 D\u00e9part de Paris, avion vers Varsovie<\/p>\n<p style=\"text-align: center;\">\u00a0\u00a0\u00a0\u00a0\u00a0\u00a0\u00a0\u00a0\u00a0\u00a0\u00a0\u00a0\u00a0\u00a0\u00a0\u00a0\u00a0\u00a0\u00a0\u00a0\u00a0\u00a0\u00a0 Table-ronde d\u2019ouverture<\/p>\n<p style=\"text-align: center;\">\u00a0<strong>Jeudi 29 mars<\/strong><\/p>\n<p style=\"text-align: center;\"><em>Matin\u00a0:\u00a0\u00a0\u00a0\u00a0\u00a0\u00a0\u00a0\u00a0\u00a0 <\/em>Visite du quartier du ghetto de Varsovie<\/p>\n<p style=\"text-align: center;\">\u00a0\u00a0\u00a0\u00a0\u00a0\u00a0\u00a0\u00a0\u00a0\u00a0\u00a0\u00a0\u00a0\u00a0\u00a0\u00a0\u00a0\u00a0\u00a0\u00a0\u00a0\u00a0\u00a0 R\u00e9ception \u00e0 l\u2019Ambassade de France \u00e0 Varsovie<\/p>\n<p style=\"text-align: center;\">\u00a0<em>Apr\u00e8s-midi\u00a0:<\/em> Visite du camp d\u2019extermination de Treblinka<\/p>\n<p style=\"text-align: center;\"><em>Soir\u00a0:\u00a0 <\/em>\u00a0\u00a0\u00a0\u00a0\u00a0\u00a0\u00a0\u00a0\u00a0\u00a0\u00a0 Nuit \u00e0 Cracovie<\/p>\n<p style=\"text-align: center;\"><strong>Vendredi 30 mars<\/strong><\/p>\n<p style=\"text-align: center;\"><em>Matin\u00a0:<\/em>\u00a0\u00a0\u00a0\u00a0\u00a0\u00a0\u00a0\u00a0\u00a0 Visite du site du camp d\u2019extermination de Birkenau, et alentours (Judenramp, bunkers 1 et 2)<\/p>\n<p style=\"text-align: center;\">\u00a0<em>Apr\u00e8s-midi\u00a0:<\/em> Visite du camp d\u2019Auschwitz et du mus\u00e9e d\u2019Auschwitz<\/p>\n<p style=\"text-align: center;\"><em>Soir\u00a0:\u00a0 <\/em>\u00a0\u00a0\u00a0\u00a0\u00a0\u00a0\u00a0\u00a0\u00a0\u00a0\u00a0 D\u00eener, rencontre avec des \u00e9tudiants juifs polonais<\/p>\n<p style=\"text-align: center;\"><strong>Samedi 31 mars<\/strong><\/p>\n<p style=\"text-align: center;\"><em>Matin\u00a0:<\/em> \u00a0\u00a0\u00a0\u00a0\u00a0\u00a0\u00a0\u00a0 Visite de la ville de Cracovie et du quartier juif<\/p>\n<p style=\"text-align: center;\"><em>Apr\u00e8s-midi\u00a0:<\/em> T\u00e9moignage de Benjamin Orenstein, rescap\u00e9 d\u2019Auschwitz<\/p>\n<p style=\"text-align: center;\"><em>Soir\u00a0: <\/em>\u00a0\u00a0\u00a0\u00a0\u00a0\u00a0\u00a0\u00a0\u00a0\u00a0\u00a0 Soir\u00e9e de cl\u00f4ture \u00e0 la r\u00e9sidence du consul de Cracovie<\/p>\n<p style=\"text-align: center;\"><strong>Dimanche 1<sup>er<\/sup> mars<\/strong><\/p>\n<p style=\"text-align: center;\">\u00a0<em>Matin\u00a0:<\/em> \u00a0\u00a0\u00a0\u00a0\u00a0\u00a0\u00a0\u00a0 Conclusion du voyage<\/p>\n<p style=\"text-align: center;\">\u00a0<em>Apr\u00e8s-midi\u00a0:<\/em> Retour \u00e0 Varsovie, avion retour vers Paris<\/p>\n","protected":false},"excerpt":{"rendered":"<p>Programme Mercredi 28 mars Soir\u00a0: \u00a0\u00a0\u00a0\u00a0\u00a0\u00a0\u00a0\u00a0\u00a0\u00a0\u00a0 D\u00e9part de Paris, avion vers Varsovie \u00a0\u00a0\u00a0\u00a0\u00a0\u00a0\u00a0\u00a0\u00a0\u00a0\u00a0\u00a0\u00a0\u00a0\u00a0\u00a0\u00a0\u00a0\u00a0\u00a0\u00a0\u00a0\u00a0 Table-ronde d\u2019ouverture \u00a0Jeudi 29 mars Matin\u00a0:\u00a0\u00a0\u00a0\u00a0\u00a0\u00a0\u00a0\u00a0\u00a0 Visite du quartier du ghetto de Varsovie \u00a0\u00a0\u00a0\u00a0\u00a0\u00a0\u00a0\u00a0\u00a0\u00a0\u00a0\u00a0\u00a0\u00a0\u00a0\u00a0\u00a0\u00a0\u00a0\u00a0\u00a0\u00a0\u00a0 R\u00e9ception \u00e0 l\u2019Ambassade de France \u00e0 Varsovie \u00a0Apr\u00e8s-midi\u00a0: Visite du camp d\u2019extermination de Treblinka Soir\u00a0:\u00a0 \u00a0\u00a0\u00a0\u00a0\u00a0\u00a0\u00a0\u00a0\u00a0\u00a0\u00a0 Nuit \u00e0 Cracovie Vendredi 30 mars Matin\u00a0:\u00a0\u00a0\u00a0\u00a0\u00a0\u00a0\u00a0\u00a0\u00a0 Visite du site du camp [&hellip;]<\/p>\n","protected":false},"author":2,"featured_media":0,"parent":7,"menu_order":0,"comment_status":"closed","ping_status":"closed","template":"","meta":{"ngg_post_thumbnail":0,"footnotes":""},"class_list":["post-63","page","type-page","status-publish","hentry"],"_links":{"self":[{"href":"https:\/\/uejf.org\/iraniansinauschwitzFR\/wp-json\/wp\/v2\/pages\/63","targetHints":{"allow":["GET"]}}],"collection":[{"href":"https:\/\/uejf.org\/iraniansinauschwitzFR\/wp-json\/wp\/v2\/pages"}],"about":[{"href":"https:\/\/uejf.org\/iraniansinauschwitzFR\/wp-json\/wp\/v2\/types\/page"}],"author":[{"embeddable":true,"href":"https:\/\/uejf.org\/iraniansinauschwitzFR\/wp-json\/wp\/v2\/users\/2"}],"replies":[{"embeddable":true,"href":"https:\/\/uejf.org\/iraniansinauschwitzFR\/wp-json\/wp\/v2\/comments?post=63"}],"version-history":[{"count":4,"href":"https:\/\/uejf.org\/iraniansinauschwitzFR\/wp-json\/wp\/v2\/pages\/63\/revisions"}],"predecessor-version":[{"id":112,"href":"https:\/\/uejf.org\/iraniansinauschwitzFR\/wp-json\/wp\/v2\/pages\/63\/revisions\/112"}],"up":[{"embeddable":true,"href":"https:\/\/uejf.org\/iraniansinauschwitzFR\/wp-json\/wp\/v2\/pages\/7"}],"wp:attachment":[{"href":"https:\/\/uejf.org\/iraniansinauschwitzFR\/wp-json\/wp\/v2\/media?parent=63"}],"curies":[{"name":"wp","href":"https:\/\/api.w.org\/{rel}","templated":true}]}}