{"id":5,"date":"2012-08-07T19:53:04","date_gmt":"2012-08-07T18:53:04","guid":{"rendered":"http:\/\/uejf.org\/iraniansinauschwitz\/?page_id=5"},"modified":"2013-03-03T23:30:34","modified_gmt":"2013-03-03T22:30:34","slug":"accueil","status":"publish","type":"page","link":"https:\/\/uejf.org\/iraniansinauschwitzFR\/","title":{"rendered":"Accueil"},"content":{"rendered":"<p style=\"text-align: center;\"><strong>Bienvenue sur le site de l\u2019UEJF d\u00e9di\u00e9 au Voyage de la M\u00e9moire r\u00e9alis\u00e9 en 2012 en Pologne avec une d\u00e9l\u00e9gation\u00a0<strong>de personnalit\u00e9s juives et iraniennes ainsi qu&#8217;avec la Conf\u00e9d\u00e9ration des Etudiants Iraniens (CIS).<\/strong><\/strong><\/p>\n<p style=\"text-align: center;\"><strong>Vous trouverez sur ce site de nombreuses contenus, dont des photographies de Cyrus Atory et des dessins de Sarah Glidden.<\/strong><\/p>\n","protected":false},"excerpt":{"rendered":"<p>Bienvenue sur le site de l\u2019UEJF d\u00e9di\u00e9 au Voyage de la M\u00e9moire r\u00e9alis\u00e9 en 2012 en Pologne avec une d\u00e9l\u00e9gation\u00a0de personnalit\u00e9s juives et iraniennes ainsi qu&#8217;avec la Conf\u00e9d\u00e9ration des Etudiants Iraniens (CIS). Vous trouverez sur ce site de nombreuses contenus, dont des photographies de Cyrus Atory et des dessins de Sarah Glidden.<\/p>\n","protected":false},"author":2,"featured_media":0,"parent":0,"menu_order":0,"comment_status":"closed","ping_status":"closed","template":"","meta":{"ngg_post_thumbnail":0,"footnotes":""},"class_list":["post-5","page","type-page","status-publish","hentry"],"_links":{"self":[{"href":"https:\/\/uejf.org\/iraniansinauschwitzFR\/wp-json\/wp\/v2\/pages\/5","targetHints":{"allow":["GET"]}}],"collection":[{"href":"https:\/\/uejf.org\/iraniansinauschwitzFR\/wp-json\/wp\/v2\/pages"}],"about":[{"href":"https:\/\/uejf.org\/iraniansinauschwitzFR\/wp-json\/wp\/v2\/types\/page"}],"author":[{"embeddable":true,"href":"https:\/\/uejf.org\/iraniansinauschwitzFR\/wp-json\/wp\/v2\/users\/2"}],"replies":[{"embeddable":true,"href":"https:\/\/uejf.org\/iraniansinauschwitzFR\/wp-json\/wp\/v2\/comments?post=5"}],"version-history":[{"count":7,"href":"https:\/\/uejf.org\/iraniansinauschwitzFR\/wp-json\/wp\/v2\/pages\/5\/revisions"}],"predecessor-version":[{"id":161,"href":"https:\/\/uejf.org\/iraniansinauschwitzFR\/wp-json\/wp\/v2\/pages\/5\/revisions\/161"}],"wp:attachment":[{"href":"https:\/\/uejf.org\/iraniansinauschwitzFR\/wp-json\/wp\/v2\/media?parent=5"}],"curies":[{"name":"wp","href":"https:\/\/api.w.org\/{rel}","templated":true}]}}