{"id":45,"date":"2012-08-07T19:57:26","date_gmt":"2012-08-07T18:57:26","guid":{"rendered":"http:\/\/uejf.org\/iraniansinauschwitz\/?page_id=45"},"modified":"2013-03-04T01:23:25","modified_gmt":"2013-03-04T00:23:25","slug":"temoignages","status":"publish","type":"page","link":"https:\/\/uejf.org\/iraniansinauschwitzFR\/le-voyage\/temoignages\/","title":{"rendered":"T\u00e9moignages"},"content":{"rendered":"<div id=\"attachment_133\" style=\"width: 110px\" class=\"wp-caption alignleft\"><a href=\"http:\/\/uejf.org\/iraniansinauschwitzFR\/files\/2012\/08\/farbod.jpg\"><img loading=\"lazy\" decoding=\"async\" aria-describedby=\"caption-attachment-133\" class=\"size-full wp-image-133\" alt=\"farbod\" src=\"http:\/\/uejf.org\/iraniansinauschwitzFR\/files\/2012\/08\/farbod.jpg\" width=\"100\" height=\"100\" \/><\/a><p id=\"caption-attachment-133\" class=\"wp-caption-text\">Farbod Talaee<\/p><\/div>\n<p style=\"text-align: left;\">Chers amis de l&#8217;UEJF,<\/p>\n<p>Je suis ravi de vous \u00e9crire et je vous remercie encore une fois pour votre hospitalit\u00e9 chaleureuse. Avec mes compatriotes iraniens, nous avons vraiment appr\u00e9ci\u00e9 voyager en votre compagnie. Je crois que voyage historique a construit une puissante relation d&#8217;amiti\u00e9 entre nous.<\/p>\n<p>J&#8217;ai confiance dans le principal objectif de ce voyage qui \u00e9tait le dialogue de paix entre nos deux nations. Ce voyage a apport\u00e9 une occasion exceptionnelle d&#8217;\u00e9tudier l&#8217;histoire et le culture des communaut\u00e9s juives, et comprendre une phase de l&#8217;histoire lors de laquelle le combat pour l&#8217;humanit\u00e9 \u00e9tait celui de la survie au quotidien.<\/p>\n<p>Je suis certain que pour tous ceux qui ont particip\u00e9 \u00e0 ce voyage, la rencontre avec Benjamin Orenstein fut l&#8217;un des temps les plus \u00e9mouvants. Il est une source tr\u00e8s pr\u00e9cieuse d&#8217;exp\u00e9rience pour l&#8217;humanit\u00e9 dans le r\u00f4le exceptionnel qu&#8217;il a jou\u00e9. L&#8217;histoire de sa vie nous a rendu plus sensible au destin du peuple juif et au g\u00e9nocide qui l&#8217;a frapp\u00e9, en comprenant le niveau de douleur qui a \u00e9t\u00e9 inflig\u00e9 \u00e0 tant d&#8217;\u00e2mes innocentes. De mon point de vue personnel, l&#8217;exp\u00e9rience v\u00e9cue par Benjamin est l&#8217;un des plus pr\u00e9cieuses raisons pour croire aujourd&#8217;hui au sens de la vie et de l&#8217;amour.<\/p>\n<p>Je suis convaincu que des participants \u00e0 ce programme, qui ont \u00e9t\u00e9 confront\u00e9s \u00e0 cette histoire effarante, aucun ne tol\u00e9rerait quelconque argument qui nierait l&#8217;histoire de la Shoah.<\/p>\n<p>La responsabilit\u00e9 de lutter contre la propagande n\u00e9gationniste s&#8217;impose \u00e0 nous \u00e0 jamais et nous devons la mettre en \u0153uvre par tous les moyens possibles.<\/p>\n<p>Je voudrais vous faire part d&#8217;une suggestion personnelle and vous demander de consid\u00e9rer de r\u00e9aliser un documentaire sur notre d\u00e9marche. \u00a0Ceci permettrait de rendre compte de la force de ce que nous avons v\u00e9cu, et les cons\u00e9quences incroyables que cela a eu sur notre compr\u00e9hension mutuelle.<\/p>\n<p>Nous montrerions alors au monde l&#8217;amiti\u00e9 qui nous lie d\u00e9sormais par les moyens les plus efficaces. Nous devons faire de notre mieux pour entretenir la relation historique et amicale entre Juifs et Iraniens aussi fort que jamais.<\/p>\n<p>Je crois profond\u00e9ment, \u00e0 cet instant de l&#8217;histoire, que notre d\u00e9marche est la meilleure pour faire en sorte que notre monde demeure en paix et en s\u00e9curit\u00e9.<\/p>\n<p>Amiti\u00e9s,<\/p>\n<p>Farbod Talaee<\/p>\n<div>\n<dl id=\"attachment_119\">\n<dt><a href=\"http:\/\/uejf.org\/iraniansinauschwitzFR\/files\/2012\/08\/Saghar-e1347201088261.jpg\"><img loading=\"lazy\" decoding=\"async\" alt=\"Saghar\" src=\"http:\/\/uejf.org\/iraniansinauschwitzFR\/files\/2012\/08\/Saghar-e1347201088261.jpg\" width=\"88\" height=\"109\" \/><\/a><\/dt>\n<dd>Ch\u00e8re famille de l&#8217;UEJF,<\/dd>\n<\/dl>\n<\/div>\n<p style=\"text-align: left;\">De la part de la famille de la\u00a0Conf\u00e9d\u00e9ration des \u00e9tudiants iraniens, nous voudrions vous remercier pour avoir partag\u00e9 avec nous cette douloureuse partie de l&#8217;histoire juive.<br \/>\nNous partageons avec vous le deuil d&#8217;une g\u00e9n\u00e9ration. Nous nous sommes sentis li\u00e9s par une solidarit\u00e9 avec vous, malgr\u00e9 la propagande dont nous avons \u00e9t\u00e9 victimes en Iran.<\/p>\n<p style=\"text-align: left;\">Nous nous tenons \u00e0 vos c\u00f4t\u00e9s dans\u00a0ce combat. Amin, Armaghan, Farbod et moi avons appris \u00e9norm\u00e9ment grave \u00e0 vous et nous esp\u00e9rons le transmettre \u00e0 notre association, \u00e0 nos proches et nos familles.<\/p>\n<p style=\"text-align: left;\">Nous avons h\u00e2te de pouvoir retravailler avec vous.<\/p>\n<p style=\"text-align: right;\">Bien amicalement,<br \/>\nErica Saghar Kasraie<br \/>\nPorte-parole<br \/>\nConf\u00e9d\u00e9ration des \u00c9tudiants Iraniens<\/p>\n","protected":false},"excerpt":{"rendered":"<p>Chers amis de l&#8217;UEJF, Je suis ravi de vous \u00e9crire et je vous remercie encore une fois pour votre hospitalit\u00e9 chaleureuse. Avec mes compatriotes iraniens, nous avons vraiment appr\u00e9ci\u00e9 voyager en votre compagnie. Je crois que voyage historique a construit une puissante relation d&#8217;amiti\u00e9 entre nous. J&#8217;ai confiance dans le principal objectif de ce voyage [&hellip;]<\/p>\n","protected":false},"author":2,"featured_media":0,"parent":7,"menu_order":0,"comment_status":"closed","ping_status":"closed","template":"","meta":{"ngg_post_thumbnail":0,"footnotes":""},"class_list":["post-45","page","type-page","status-publish","hentry"],"_links":{"self":[{"href":"https:\/\/uejf.org\/iraniansinauschwitzFR\/wp-json\/wp\/v2\/pages\/45","targetHints":{"allow":["GET"]}}],"collection":[{"href":"https:\/\/uejf.org\/iraniansinauschwitzFR\/wp-json\/wp\/v2\/pages"}],"about":[{"href":"https:\/\/uejf.org\/iraniansinauschwitzFR\/wp-json\/wp\/v2\/types\/page"}],"author":[{"embeddable":true,"href":"https:\/\/uejf.org\/iraniansinauschwitzFR\/wp-json\/wp\/v2\/users\/2"}],"replies":[{"embeddable":true,"href":"https:\/\/uejf.org\/iraniansinauschwitzFR\/wp-json\/wp\/v2\/comments?post=45"}],"version-history":[{"count":6,"href":"https:\/\/uejf.org\/iraniansinauschwitzFR\/wp-json\/wp\/v2\/pages\/45\/revisions"}],"predecessor-version":[{"id":87,"href":"https:\/\/uejf.org\/iraniansinauschwitzFR\/wp-json\/wp\/v2\/pages\/45\/revisions\/87"}],"up":[{"embeddable":true,"href":"https:\/\/uejf.org\/iraniansinauschwitzFR\/wp-json\/wp\/v2\/pages\/7"}],"wp:attachment":[{"href":"https:\/\/uejf.org\/iraniansinauschwitzFR\/wp-json\/wp\/v2\/media?parent=45"}],"curies":[{"name":"wp","href":"https:\/\/api.w.org\/{rel}","templated":true}]}}