{"id":43,"date":"2012-08-07T19:57:17","date_gmt":"2012-08-07T18:57:17","guid":{"rendered":"http:\/\/uejf.org\/iraniansinauschwitz\/?page_id=43"},"modified":"2013-03-04T00:04:24","modified_gmt":"2013-03-03T23:04:24","slug":"delegation","status":"publish","type":"page","link":"https:\/\/uejf.org\/iraniansinauschwitzFR\/le-voyage\/delegation\/","title":{"rendered":"D\u00e9l\u00e9gation"},"content":{"rendered":"<div id=\"attachment_117\" style=\"width: 160px\" class=\"wp-caption alignleft\"><img loading=\"lazy\" decoding=\"async\" aria-describedby=\"caption-attachment-117\" class=\"size-thumbnail wp-image-117\" alt=\"CIS Logo\" src=\"http:\/\/uejf.org\/iraniansinauschwitzFR\/files\/2012\/08\/CIS-Logo-150x150.jpg\" width=\"150\" height=\"150\" srcset=\"https:\/\/uejf.org\/iraniansinauschwitzFR\/files\/2012\/08\/CIS-Logo-150x150.jpg 150w, https:\/\/uejf.org\/iraniansinauschwitzFR\/files\/2012\/08\/CIS-Logo-300x300.jpg 300w, https:\/\/uejf.org\/iraniansinauschwitzFR\/files\/2012\/08\/CIS-Logo.jpg 500w\" sizes=\"auto, (max-width: 150px) 100vw, 150px\" \/><p id=\"caption-attachment-117\" class=\"wp-caption-text\">Logo de la Conf\u00e9d\u00e9ration des Etudiants Iraniens<\/p><\/div>\n<p>La Conf\u00e9d\u00e9ration des Etudiants Iraniens est une association \u00e9tudiante ind\u00e9pendante de plus de sept mille adh\u00e9rents qui f\u00e9d\u00e8re des sections en Iran, aux Etats-Unis, au Royaume-Uni, en France, en Allemagne, en Belgique, aux Pays-Bas, en Italie, au Canada, au Japon, en Malaisie, en Autriche, et en Turquie. C\u2019est la plus grande des associations d\u2019\u00e9tudiants iraniens qui agisse aussi bien en Iran que dans le reste du monde.<\/p>\n<p>&nbsp;<\/p>\n<p>&nbsp;<\/p>\n<p>&nbsp;<\/p>\n<div id=\"attachment_119\" style=\"width: 98px\" class=\"wp-caption alignleft\"><a href=\"http:\/\/uejf.org\/iraniansinauschwitzFR\/files\/2012\/08\/Saghar-e1347201088261.jpg\"><img loading=\"lazy\" decoding=\"async\" aria-describedby=\"caption-attachment-119\" class=\"size-full wp-image-119 \" alt=\"Saghar\" src=\"http:\/\/uejf.org\/iraniansinauschwitzFR\/files\/2012\/08\/Saghar-e1347201088261.jpg\" width=\"88\" height=\"109\" \/><\/a><p id=\"caption-attachment-119\" class=\"wp-caption-text\">Saghar Erica Kasraie<\/p><\/div>\n<p><strong><\/strong><strong>Saghar\u00a0Erica\u00a0Kasraie<\/strong>\u00a0est une Iranienne am\u00e9ricaine,\u00a0n\u00e9e\u00a0en Iran\u00a0et r\u00e9fugi\u00e9e en Italie, puis aux Etats-Unis, avec\u00a0sa famille,\u00a0peu de temps apr\u00e8s\u00a0la r\u00e9volution\u00a0islamique de 1979.\u00a0\u00a0 Dipl\u00f4m\u00e9e de l&#8217;Universit\u00e9 Virginia Commonwealth, elle est actuellement membre du Conseil de la Conf\u00e9d\u00e9ration des Etudiants Iraniens\u00a0et porte-parole. Elle est apparue sur\u00a0FOX\u00a0News,\u00a0CBN\u00a0et Radio\u00a0Libert\u00e9\u00a0en tant qu\u2019experte de la situation politico-religieuse en Iran.<\/p>\n<p>&nbsp;<\/p>\n<p>&nbsp;<\/p>\n<p>&nbsp;<\/p>\n<div id=\"attachment_133\" style=\"width: 110px\" class=\"wp-caption alignleft\"><a href=\"http:\/\/uejf.org\/iraniansinauschwitzFR\/files\/2012\/08\/farbod.jpg\"><img loading=\"lazy\" decoding=\"async\" aria-describedby=\"caption-attachment-133\" class=\"size-full wp-image-133 \" alt=\"farbod\" src=\"http:\/\/uejf.org\/iraniansinauschwitzFR\/files\/2012\/08\/farbod.jpg\" width=\"100\" height=\"100\" \/><\/a><p id=\"caption-attachment-133\" class=\"wp-caption-text\">Farbod Talaee<\/p><\/div>\n<p><strong>Farbod\u00a0Talaee\u00a0<\/strong>est\u00a0britannique et iranien. Il est\u00a0expert en s\u00e9curit\u00e9 internationale, et\u00a0sp\u00e9cialiste de l\u2019Iran et\u00a0du Moyen-Orient.<\/p>\n<p>&nbsp;<\/p>\n<p>&nbsp;<\/p>\n<p>&nbsp;<\/p>\n<p>&nbsp;<\/p>\n<div id=\"attachment_120\" style=\"width: 110px\" class=\"wp-caption alignleft\"><a href=\"http:\/\/uejf.org\/iraniansinauschwitzFR\/files\/2012\/08\/amin.jpg\"><img loading=\"lazy\" decoding=\"async\" aria-describedby=\"caption-attachment-120\" class=\"size-full wp-image-120 \" alt=\"amin\" src=\"http:\/\/uejf.org\/iraniansinauschwitzFR\/files\/2012\/08\/amin.jpg\" width=\"100\" height=\"100\" \/><\/a><p id=\"caption-attachment-120\" class=\"wp-caption-text\">Amin Karimian<\/p><\/div>\n<p><strong>Amin Karimian<\/strong> est un \u00e9tudiant de 18 ans vivant \u00e0 Londres. Il est blogueur,\u00a0militant politique\u00a0et membre du Conseil\u00a0de la Conf\u00e9d\u00e9ration des\u00a0Etudiants Iraniens.<\/p>\n<p>&nbsp;<\/p>\n<p>&nbsp;<\/p>\n<p><span style=\"text-decoration: underline;\">Artistes et personnalit\u00e9s<\/span><\/p>\n<div id=\"attachment_121\" style=\"width: 189px\" class=\"wp-caption alignleft\"><a href=\"http:\/\/uejf.org\/iraniansinauschwitzFR\/files\/2012\/08\/arash.jpg\"><img loading=\"lazy\" decoding=\"async\" aria-describedby=\"caption-attachment-121\" class=\" wp-image-121\" alt=\"arash\" src=\"http:\/\/uejf.org\/iraniansinauschwitzFR\/files\/2012\/08\/arash.jpg\" width=\"179\" height=\"180\" srcset=\"https:\/\/uejf.org\/iraniansinauschwitzFR\/files\/2012\/08\/arash.jpg 497w, https:\/\/uejf.org\/iraniansinauschwitzFR\/files\/2012\/08\/arash-150x150.jpg 150w, https:\/\/uejf.org\/iraniansinauschwitzFR\/files\/2012\/08\/arash-298x300.jpg 298w\" sizes=\"auto, (max-width: 179px) 100vw, 179px\" \/><\/a><p id=\"caption-attachment-121\" class=\"wp-caption-text\">Arash Derambarsh<\/p><\/div>\n<p><strong>\u00a0<\/strong><strong>Arash Derambarsh <\/strong>\u00a0est juriste et \u00e9diteur. Il est n\u00e9 le 25 juillet 1979 \u00e0 Paris. Il travaille successivement au Minist\u00e8re des Affaires \u00e9trang\u00e8res (Direction Asie-Oc\u00e9anie 2003-04), au Minist\u00e8re de l&#8217;int\u00e9rieur sous Nicolas Sarkozy (2005). Il dirige actuellement les d\u00e9partements politiques et personnalit\u00e9s publiques au Cherche Midi \u00e9diteur.<\/p>\n<p>&nbsp;<\/p>\n<p>&nbsp;<\/p>\n<p>&nbsp;<\/p>\n<p>&nbsp;<\/p>\n<p>&nbsp;<\/p>\n<p>&nbsp;<\/p>\n<div id=\"attachment_122\" style=\"width: 200px\" class=\"wp-caption alignleft\"><a href=\"http:\/\/uejf.org\/iraniansinauschwitzFR\/files\/2012\/08\/cohen-solal.jpeg\"><img loading=\"lazy\" decoding=\"async\" aria-describedby=\"caption-attachment-122\" class=\" wp-image-122\" alt=\"cohen solal\" src=\"http:\/\/uejf.org\/iraniansinauschwitzFR\/files\/2012\/08\/cohen-solal.jpeg\" width=\"190\" height=\"98\" srcset=\"https:\/\/uejf.org\/iraniansinauschwitzFR\/files\/2012\/08\/cohen-solal.jpeg 567w, https:\/\/uejf.org\/iraniansinauschwitzFR\/files\/2012\/08\/cohen-solal-300x153.jpeg 300w\" sizes=\"auto, (max-width: 190px) 100vw, 190px\" \/><\/a><p id=\"caption-attachment-122\" class=\"wp-caption-text\">Judith Cohen Solal<\/p><\/div>\n<p><strong>Judith Cohen Solal<\/strong> est psychanalyste et psychologue clinicienne. Elle a con\u00e7u la p\u00e9dagogie du programme Coexist, programme de d\u00e9construction des pr\u00e9jug\u00e9s organis\u00e9 dans les \u00e9coles, qui \u0153uvre contre les pr\u00e9jug\u00e9s. Elle a enseign\u00e9 l\u2019histoire du conflit isra\u00e9lo-arabe.<\/p>\n<p>&nbsp;<\/p>\n<p>&nbsp;<\/p>\n<p>&nbsp;<\/p>\n<p>&nbsp;<\/p>\n<div id=\"attachment_123\" style=\"width: 226px\" class=\"wp-caption alignleft\"><a href=\"http:\/\/uejf.org\/iraniansinauschwitzFR\/files\/2012\/08\/JY-Potel.jpg\"><img loading=\"lazy\" decoding=\"async\" aria-describedby=\"caption-attachment-123\" class=\" wp-image-123\" alt=\"JY Potel\" src=\"http:\/\/uejf.org\/iraniansinauschwitzFR\/files\/2012\/08\/JY-Potel.jpg\" width=\"216\" height=\"112\" \/><\/a><p id=\"caption-attachment-123\" class=\"wp-caption-text\">Jean-Yves Potel<\/p><\/div>\n<p><strong>Jean-Yves Potel <\/strong>est un \u00e9crivain et universitaire fran\u00e7ais. Il a enseign\u00e9 l\u2019histoire politique de l\u2019Europe centrale \u00e0 Paris 8 , les politiques culturelles en Europe \u00e0 Paris 1 et \u00e0 l\u2019IEP Paris. Il a travaill\u00e9 une vingtaine d\u2019ann\u00e9es dans l\u2019administration, comme charg\u00e9 de mission \u00e0 la DATAR, puis conseiller de coop\u00e9ration et d&#8217;action culturelle \u00e0 l\u2019ambassade de France \u00e0 Varsovie. Il a aussi dirig\u00e9 une quinzaine de programmes europ\u00e9ens de pr\u00e9paration des Etats nouveaux adh\u00e9rents \u00e0 l\u2019Union europ\u00e9enne.<\/p>\n<p>Li\u00e9 aux oppositions et dissidences \u00e0 l\u2019Est, il a milit\u00e9 pour les droits de l\u2019homme, en Tch\u00e9coslovaquie et en Pologne dans les ann\u00e9es 1980, ou contre le nationalisme serbe pendant les guerres en ex-Yougoslavie particuli\u00e8rement au Kosovo.<\/p>\n<p>Il a publi\u00e9 des essais politiques sur la Pologne contemporaine, sur l\u2019analyse des mouvements d\u00e9mocratiques et des dissidences dans le bloc sovi\u00e9tique, l\u2019\u00e9volution culturelle de ces soci\u00e9t\u00e9s, les m\u00e9moires collectives et les conflits nationaux, les guerres et g\u00e9nocides, et organise l&#8217;Universit\u00e9 d&#8217;\u00e9t\u00e9 du M\u00e9morial de la Shoah \u00e0 destination des professeurs du secondaire. Il est aussi l\u2019auteur de recueils de po\u00e9sie.<\/p>\n<p>&nbsp;<\/p>\n<p>&nbsp;<\/p>\n<p>&nbsp;<\/p>\n<div id=\"attachment_124\" style=\"width: 220px\" class=\"wp-caption alignleft\"><a href=\"http:\/\/uejf.org\/iraniansinauschwitzFR\/files\/2012\/08\/marcello_pezzetti.jpg\"><img loading=\"lazy\" decoding=\"async\" aria-describedby=\"caption-attachment-124\" class=\" wp-image-124\" alt=\"marcello_pezzetti\" src=\"http:\/\/uejf.org\/iraniansinauschwitzFR\/files\/2012\/08\/marcello_pezzetti.jpg\" width=\"210\" height=\"165\" \/><\/a><p id=\"caption-attachment-124\" class=\"wp-caption-text\">Marcello Pezzetti<\/p><\/div>\n<p><strong><\/strong><strong>Marcello Pezzetti<\/strong>, historien italien sp\u00e9cialiste de la Shoah est un des plus grands sp\u00e9cialistes mondiaux des camps d\u2019extermination en Pologne. Il a notamment \u00e9t\u00e9 le consultant de Roberto Benigni dans le tournage de \u00ab\u00a0La Vie est Belle\u00a0\u00bb, et a fait visiter Auschwitz \u00e0 plusieurs chefs d\u2019Etat. Ancien Directeur du Centre de documentation contemporaine h\u00e9bra\u00efque de Milan, il est aujourd\u2019hui Directeur du mus\u00e9e de la Shoah \u00e0 Rome.<\/p>\n<p>&nbsp;<\/p>\n<p>&nbsp;<\/p>\n<p>&nbsp;<\/p>\n<p>&nbsp;<\/p>\n<div id=\"attachment_125\" style=\"width: 151px\" class=\"wp-caption alignleft\"><a href=\"http:\/\/uejf.org\/iraniansinauschwitzFR\/files\/2012\/08\/benjamin-orenstein.jpg\"><img loading=\"lazy\" decoding=\"async\" aria-describedby=\"caption-attachment-125\" class=\" wp-image-125\" alt=\"1\/27\/2006 2:03 PM\" src=\"http:\/\/uejf.org\/iraniansinauschwitzFR\/files\/2012\/08\/benjamin-orenstein.jpg\" width=\"141\" height=\"160\" \/><\/a><p id=\"caption-attachment-125\" class=\"wp-caption-text\">Benjamin Orenstein<\/p><\/div>\n<p><strong><\/strong><strong>Benjamin Orenstein<\/strong> est n\u00e9 pr\u00e8s de Lublin en 1926. Arr\u00eat\u00e9 en 1942, il sera d\u00e9port\u00e9 \u00e0 Auschwitz, et sera le seul survivant des 7 membres de sa famille. Pr\u00e9sident de l\u2019Amicale lyonnaise d\u2019Auschwitz-Birenau et camps de Haute-Sil\u00e9sie, il a publi\u00e9 en 2006 un t\u00e9moignage \u00ab\u00a0Ces mots pour s\u00e9pulture\u00a0\u00bb. Il a particip\u00e9 \u00e0 de nombreuses reprises \u00e0 des voyages de m\u00e9moire organis\u00e9s par l\u2019UEJF, en Pologne et en Ukraine, notamment en 2009 o\u00f9 il put revenir pour la premi\u00e8re fois dans son village natal.<\/p>\n<p>&nbsp;<\/p>\n<p>&nbsp;<\/p>\n<p>&nbsp;<\/p>\n<p>&nbsp;<\/p>\n<div id=\"attachment_128\" style=\"width: 160px\" class=\"wp-caption alignleft\"><a href=\"http:\/\/uejf.org\/iraniansinauschwitzFR\/files\/2012\/08\/cyrus.jpg\"><img loading=\"lazy\" decoding=\"async\" aria-describedby=\"caption-attachment-128\" class=\"size-thumbnail wp-image-128\" alt=\"cyrus\" src=\"http:\/\/uejf.org\/iraniansinauschwitzFR\/files\/2012\/08\/cyrus-150x150.jpg\" width=\"150\" height=\"150\" \/><\/a><p id=\"caption-attachment-128\" class=\"wp-caption-text\">Cyrus Atory<\/p><\/div>\n<p><strong>Cyrus Atory<\/strong>\u00a0est un artiste photographe, r\u00e9alisateur et acteur fran\u00e7ais n\u00e9 \u00e0 T\u00e9h\u00e9ran en 1974. Apr\u00e8s une carri\u00e8re d&#8217;ing\u00e9nieur en informatique, il devient acteur en 1999.En 2005, il soumet son premier scenario au r\u00e9alisateur Louis-Vincent Rios. Leur collaboration donne le court-m\u00e9trage &#8220;C512&#8221; ou &#8220;Chambre 512&#8221;<a href=\"http:\/\/fr.wikipedia.org\/wiki\/Cyrus_Atory#cite_note-0\">1<\/a>, dont Cyrus interpr\u00e8te le r\u00f4le masculin principal. Le film remporte les prix du jury, du public et de la meilleure interpr\u00e9tation masculine (Cyrus Atory) et f\u00e9minine (Anne-Solenne Hatte) au &#8220;Home Cin\u00e9ma Festival 2006\u00a0\u00e0 Marseille. Il est choisi en 2007 pour doubler au cin\u00e9ma le personnage de\u00a0Borat\u00a0qui, sous couvert d&#8217;un deuxi\u00e8me d\u00e9gr\u00e9e potache, pose la question de la fa\u00e7on dont le monde occidental voit les immigrants d&#8217;Asie centrale. En 2007, il d\u00e9cide de partir en Iran. Il r\u00e9alise l\u00e0-bas un documentaire en cam\u00e9ra cach\u00e9e sur la sexualit\u00e9 et les sentiments amoureux des jeunes dans un pays o\u00f9 il est difficile de vivre une adolescence libre. En 2010, il revient en France et donne la r\u00e9plique \u00e0\u00a0Vincent Cassel\u00a0dans le premier long-m\u00e9trage de\u00a0Romain Gavras, &#8220;Notre Jour Viendra&#8221;. Cyrus\u00a0y incarne un vendeur de voiture juif victime de provocations racistes.<\/p>\n<p>&nbsp;<\/p>\n<p>&nbsp;<\/p>\n<p>&nbsp;<\/p>\n<div style=\"width: 265px\" class=\"wp-caption alignleft\"><img loading=\"lazy\" decoding=\"async\" class=\"  \" alt=\"\" src=\"http:\/\/www.washingtonpost.com\/rf\/image_606w\/2010-2019\/WashingtonPost\/2011\/03\/21\/Style\/Images\/sarahportrait.jpg\" width=\"255\" height=\"218\" \/><p class=\"wp-caption-text\">Sarah Glidden<\/p><\/div>\n<p><strong>Sarah\u00a0Glidden<\/strong>\u00a0est\u00a0n\u00e9e\u00a0en 1980 \u00e0 Boston (\u00c9tats-Unis). Fra\u00eechement dipl\u00f4m\u00e9e de la section peinture de l\u2019\u00e9cole des Beaux-Arts de l\u2019Universit\u00e9 de Boston, elle part pour Brooklyn, New York, le c\u0153ur artistique des \u00c9tats Unis. Elle s\u2019y essaie \u00e0 de nombreuses formes d\u2019art, et bien qu\u2019elle tisse de puissants liens d\u2019amiti\u00e9 avec chacune d\u2019elle, elle ne tombe amoureuse d\u2019aucune. En 2006, alors r\u00e9sidente \u00e0 la Flux Factory, un collectif d\u2019art situ\u00e9 dans le Queens, elle commence \u00e0 faire des bandes\u00a0dessin\u00e9es\u00a0et r\u00e9alise qu\u2019elle a trouv\u00e9 l\u00e0 une forme d\u2019art \u00e0 \u00e9pouser. Pour son premier livre,\u00a0Sarah\u00a0effectue un \u201cBirthright Israel\u201d tour &#8211; un voyage de d\u00e9couverte parrain\u00e9 par Isra\u00ebl pour les jeunes juifs vivant aux USA)-, curieuse de voir comment un voyage subventionn\u00e9 par l\u2019\u00c9tat d\u2019Isra\u00ebl pr\u00e9sente le conflit palestinien \u00e0 des jeunes Am\u00e9ricains.\u00a0Sarah\u00a0en fera un r\u00e9cit autobiographique en bande\u00a0dessin\u00e9e\u00a0intitul\u00e9\u00a0Comment comprendre Isra\u00ebl en 60 jours ou moins. Elle commence par l\u2019auto-publier sous la forme d\u2019un\u00a0fanzine remarqu\u00e9 par Vertigo qui publiera le r\u00e9cit complet en 2010. L\u2019album sera traduit en cinq langues dont le fran\u00e7ais (Editions Steinkis). Le 8 Novembre 2010, le jour de la sortie du livre aux \u00c9tats-Unis,\u00a0Sarah\u00a0part en voyage avec deux journalistes et un ex-marine, direction la Turquie, l\u2019Irak et la Syrie. Son intention est de faire un long r\u00e9cit graphique et journalistique sur le travail de ces journalistes et l\u2019impact de la guerre am\u00e9ricaine sur les gens de cette r\u00e9gion.\u00a0Sarah\u00a0tombe amoureuse une deuxi\u00e8me fois, cette fois du journalisme. Pendant sa r\u00e9sidence \u00e0\u00a0la maison des auteurs,\u00a0Sarah\u00a0va travailler sur ce livre, ainsi que sur de courts reportages BD.<\/p>\n<p>&nbsp;<\/p>\n<p>&nbsp;<\/p>\n<p>&nbsp;<\/p>\n<div style=\"width: 130px\" class=\"wp-caption alignleft\"><img loading=\"lazy\" decoding=\"async\" alt=\"\" src=\"http:\/\/www.tchobanian.org\/iso_album\/encel.jpg\" width=\"120\" height=\"167\" \/><p class=\"wp-caption-text\">Fr\u00e9d\u00e9ric Encel<\/p><\/div>\n<p><strong><strong><\/strong>Fr\u00e9d\u00e9ric Encel<\/strong>, n\u00e9 \u00e0\u00a0Paris\u00a0le\u00a04 mars\u00a01969, est un\u00a0essayiste\u00a0et\u00a0g\u00e9opolitologue\u00a0fran\u00e7ais. Il est professeur de relations internationales \u00e0 l\u2019ESG Management School, habilit\u00e9 \u00e0 diriger des recherches (HDR), et enseigne comme ma\u00eetre de conf\u00e9rences les Questions internationales en master \u00e0 Sciences-Po Paris. Directeur de s\u00e9minaire \u00e0 l&#8217;Institut fran\u00e7ais de g\u00e9opolitique, il est \u00e9galement<\/p>\n<p>&nbsp;<\/p>\n<p>&nbsp;<\/p>\n<p>&nbsp;<\/p>\n<p>&nbsp;<\/p>\n<p>&nbsp;<\/p>\n<p><span style=\"text-decoration: underline;\">Le Bureau Ex\u00e9cutif National de l\u2019UEJF<\/span><\/p>\n<p><strong>Jonathan Hayoun<\/strong>, Pr\u00e9sident de l\u2019UEJF.<\/p>\n<p>Titulaire d\u2019un master en communication politique de l\u2019universit\u00e9 Paris III<\/p>\n<p>Dipl\u00f4m\u00e9 d\u2019\u00e9tudes juives<\/p>\n<p>Titulaire d\u2019un master sp\u00e9cialis\u00e9 de l\u2019INA en production audiovisuelle.<\/p>\n<p>&nbsp;<\/p>\n<p><strong>Elie Petit<\/strong>, Vice-President de l\u2019UEJF<\/p>\n<p>22 ans<\/p>\n<p>Vice-Pr\u00e9sident de l\u2019EUJS (European Union of French Jewish Students)<\/p>\n<p>A \u00e9tudi\u00e9 l\u2019\u00e9conomie et les sciences politiques \u00e0 l\u2019Universit\u00e9 Paris II Assas<\/p>\n<p>Dipl\u00f4m\u00e9 d\u2019\u00e9tudes juives<\/p>\n<p>&nbsp;<\/p>\n<p><strong>Sacha Reingewirtz<\/strong>, Vice-Pr\u00e9sident de l\u2019UEJF<\/p>\n<p>25 ans<\/p>\n<p>El\u00e8ve-avocat, titulaire d\u2019un master de droit p\u00e9nal de l\u2019universit\u00e9 Paris I<\/p>\n<p>Dipl\u00f4m\u00e9 de Sciences Po en Affaires Publiques<\/p>\n<p>Titulaire d\u2019une double maitrise de droit Franco-Anglais \u00e0 Paris II et Cambridge<\/p>\n<p>&nbsp;<\/p>\n<p><strong>Yoann Sportouch<\/strong>, Secr\u00e9taire G\u00e9n\u00e9ral de l\u2019UEJF<\/p>\n<p>25 ans<\/p>\n<p>Titulaire d\u2019un master de philosophie de l\u2019Universit\u00e9 Lyon III<\/p>\n<p>Etudiant en urbanisme \u00e0 l\u2019Universit\u00e9 Paris IV<\/p>\n<p>&nbsp;<\/p>\n<p><strong>Nicolas Woloszko<\/strong>, Tr\u00e9sorier de l\u2019UEJF<\/p>\n<p>22 ans<\/p>\n<p>Etudiant au SNEJ en \u00e9tudes juives.<\/p>\n<p>Etudiant en master de sociologie \u00e0 l\u2019universit\u00e9 Paris IV<\/p>\n<p>El\u00e8ve \u00e0 l\u2019Ecole Normale Sup\u00e9rieure de Cachan.<\/p>\n<p>&nbsp;<\/p>\n<p><strong>Noam Meghira<\/strong>, Secr\u00e9taire National de l\u2019UEJF<\/p>\n<p>23 ans<\/p>\n<p>Titulaire d\u2019une licence de math\u00e9matiques-informatique de l\u2019Universit\u00e9 Paris V<\/p>\n<p>\u00c9tudiant en master de communication des marques \u00e0 ISCOM Paris.<\/p>\n<p>&nbsp;<\/p>\n<p>&nbsp;<\/p>\n<p><strong>Charlotte Saada<\/strong>, Secr\u00e9taire Nationale de l\u2019UEJF<\/p>\n<p>22 ans<\/p>\n<p>Etudiante en arts appliqu\u00e9s \u00e0 CREAPOLE Paris.<\/p>\n<p>&nbsp;<\/p>\n","protected":false},"excerpt":{"rendered":"<p>La Conf\u00e9d\u00e9ration des Etudiants Iraniens est une association \u00e9tudiante ind\u00e9pendante de plus de sept mille adh\u00e9rents qui f\u00e9d\u00e8re des sections en Iran, aux Etats-Unis, au Royaume-Uni, en France, en Allemagne, en Belgique, aux Pays-Bas, en Italie, au Canada, au Japon, en Malaisie, en Autriche, et en Turquie. C\u2019est la plus grande des associations d\u2019\u00e9tudiants iraniens [&hellip;]<\/p>\n","protected":false},"author":2,"featured_media":0,"parent":7,"menu_order":0,"comment_status":"closed","ping_status":"closed","template":"","meta":{"ngg_post_thumbnail":0,"footnotes":""},"class_list":["post-43","page","type-page","status-publish","hentry"],"_links":{"self":[{"href":"https:\/\/uejf.org\/iraniansinauschwitzFR\/wp-json\/wp\/v2\/pages\/43","targetHints":{"allow":["GET"]}}],"collection":[{"href":"https:\/\/uejf.org\/iraniansinauschwitzFR\/wp-json\/wp\/v2\/pages"}],"about":[{"href":"https:\/\/uejf.org\/iraniansinauschwitzFR\/wp-json\/wp\/v2\/types\/page"}],"author":[{"embeddable":true,"href":"https:\/\/uejf.org\/iraniansinauschwitzFR\/wp-json\/wp\/v2\/users\/2"}],"replies":[{"embeddable":true,"href":"https:\/\/uejf.org\/iraniansinauschwitzFR\/wp-json\/wp\/v2\/comments?post=43"}],"version-history":[{"count":24,"href":"https:\/\/uejf.org\/iraniansinauschwitzFR\/wp-json\/wp\/v2\/pages\/43\/revisions"}],"predecessor-version":[{"id":67,"href":"https:\/\/uejf.org\/iraniansinauschwitzFR\/wp-json\/wp\/v2\/pages\/43\/revisions\/67"}],"up":[{"embeddable":true,"href":"https:\/\/uejf.org\/iraniansinauschwitzFR\/wp-json\/wp\/v2\/pages\/7"}],"wp:attachment":[{"href":"https:\/\/uejf.org\/iraniansinauschwitzFR\/wp-json\/wp\/v2\/media?parent=43"}],"curies":[{"name":"wp","href":"https:\/\/api.w.org\/{rel}","templated":true}]}}